{"id":11672,"date":"2025-01-08T19:52:32","date_gmt":"2025-01-08T19:52:32","guid":{"rendered":"https:\/\/thesweetseria.com\/?post_type=product&#038;p=11672"},"modified":"2026-02-17T18:31:47","modified_gmt":"2026-02-17T18:31:47","slug":"crunch-punch-sour-crunchy-rainbows-100g","status":"publish","type":"product","link":"https:\/\/thesweetseria.com\/es\/producto\/crunch-punch-sour-crunchy-rainbows-100g\/","title":{"rendered":"Crunch Punch Sour Crunchy Rainbows 100g"},"content":{"rendered":"","protected":false},"excerpt":{"rendered":"<p>Crunch Punch - Sour Crunch Rainbows es el snack definitivo para cualquier momento, convirtiendo lo habitual en una extraordinaria explosi\u00f3n de sabores \u00e1cidos y afrutados. Perfecto para picar algo, para noches de cine o para cuando te apetezca algo emocionantemente \u00e1cido.<\/p>","protected":false},"featured_media":11673,"comment_status":"open","ping_status":"closed","template":"","meta":{"nf_dc_page":"","inline_featured_image":false},"product_cat":[108],"product_tag":[],"class_list":{"0":"post-11672","1":"product","2":"type-product","3":"status-publish","4":"has-post-thumbnail","6":"product_cat-candies","8":"first","9":"instock","10":"taxable","11":"shipping-taxable","12":"purchasable","13":"product-type-simple"},"_links":{"self":[{"href":"https:\/\/thesweetseria.com\/es\/wp-json\/wp\/v2\/product\/11672","targetHints":{"allow":["GET"]}}],"collection":[{"href":"https:\/\/thesweetseria.com\/es\/wp-json\/wp\/v2\/product"}],"about":[{"href":"https:\/\/thesweetseria.com\/es\/wp-json\/wp\/v2\/types\/product"}],"replies":[{"embeddable":true,"href":"https:\/\/thesweetseria.com\/es\/wp-json\/wp\/v2\/comments?post=11672"}],"wp:featuredmedia":[{"embeddable":true,"href":"https:\/\/thesweetseria.com\/es\/wp-json\/wp\/v2\/media\/11673"}],"wp:attachment":[{"href":"https:\/\/thesweetseria.com\/es\/wp-json\/wp\/v2\/media?parent=11672"}],"wp:term":[{"taxonomy":"product_cat","embeddable":true,"href":"https:\/\/thesweetseria.com\/es\/wp-json\/wp\/v2\/product_cat?post=11672"},{"taxonomy":"product_tag","embeddable":true,"href":"https:\/\/thesweetseria.com\/es\/wp-json\/wp\/v2\/product_tag?post=11672"}],"curies":[{"name":"wp","href":"https:\/\/api.w.org\/{rel}","templated":true}]}}