{"id":11659,"date":"2024-12-30T19:41:25","date_gmt":"2024-12-30T19:41:25","guid":{"rendered":"https:\/\/thesweetseria.com\/?post_type=product&#038;p=11659"},"modified":"2025-08-27T17:16:56","modified_gmt":"2025-08-27T17:16:56","slug":"wangzai-qq-gummy-candy-coca-cola-70g","status":"publish","type":"product","link":"https:\/\/thesweetseria.com\/es\/producto\/wangzai-qq-gummy-candy-coca-cola-70g\/","title":{"rendered":"WangZai QQ Gummy Candy Coca Cola 70g"},"content":{"rendered":"","protected":false},"excerpt":{"rendered":"<p>Wangzai QQ Gummy Candy Sabor Cola 70g es un caramelo blando muy popular entre los consumidores. Se elabora con ingredientes de alta calidad. Los caramelos est\u00e1n envueltos individualmente para mantener su frescura, y tienen un peso neto de 70 g, lo que permite disfrutar de ellos en cualquier momento y lugar. En cuanto al sabor, el caramelo ofrece el sabor dulce y refrescante de la cola, adecuado tanto para adultos como para ni\u00f1os. Se recomienda conservar el caramelo en un lugar fresco y seco para mantener su textura y sabor. Es una opci\u00f3n ideal como tentempi\u00e9 diario, para fiestas o para aumentar la energ\u00eda durante los viajes. En general, el caramelo de goma QQ sabor cola de Wangzai se ha convertido en la mejor elecci\u00f3n para muchos entusiastas de los aperitivos por su textura y sabor \u00fanicos.<\/p>","protected":false},"featured_media":11660,"comment_status":"open","ping_status":"closed","template":"","meta":{"nf_dc_page":"","inline_featured_image":false},"product_cat":[108],"product_tag":[],"class_list":{"0":"post-11659","1":"product","2":"type-product","3":"status-publish","4":"has-post-thumbnail","6":"product_cat-candies","8":"first","9":"instock","10":"taxable","11":"shipping-taxable","12":"purchasable","13":"product-type-simple"},"_links":{"self":[{"href":"https:\/\/thesweetseria.com\/es\/wp-json\/wp\/v2\/product\/11659","targetHints":{"allow":["GET"]}}],"collection":[{"href":"https:\/\/thesweetseria.com\/es\/wp-json\/wp\/v2\/product"}],"about":[{"href":"https:\/\/thesweetseria.com\/es\/wp-json\/wp\/v2\/types\/product"}],"replies":[{"embeddable":true,"href":"https:\/\/thesweetseria.com\/es\/wp-json\/wp\/v2\/comments?post=11659"}],"wp:featuredmedia":[{"embeddable":true,"href":"https:\/\/thesweetseria.com\/es\/wp-json\/wp\/v2\/media\/11660"}],"wp:attachment":[{"href":"https:\/\/thesweetseria.com\/es\/wp-json\/wp\/v2\/media?parent=11659"}],"wp:term":[{"taxonomy":"product_cat","embeddable":true,"href":"https:\/\/thesweetseria.com\/es\/wp-json\/wp\/v2\/product_cat?post=11659"},{"taxonomy":"product_tag","embeddable":true,"href":"https:\/\/thesweetseria.com\/es\/wp-json\/wp\/v2\/product_tag?post=11659"}],"curies":[{"name":"wp","href":"https:\/\/api.w.org\/{rel}","templated":true}]}}