{"id":11623,"date":"2024-12-30T19:06:35","date_gmt":"2024-12-30T19:06:35","guid":{"rendered":"https:\/\/thesweetseria.com\/?post_type=product&#038;p=11623"},"modified":"2026-01-30T16:07:51","modified_gmt":"2026-01-30T16:07:51","slug":"china-oreo-cakesters-vanilla-22g","status":"publish","type":"product","link":"https:\/\/thesweetseria.com\/es\/producto\/china-oreo-cakesters-vanilla-22g\/","title":{"rendered":"China Oreo Cakesters Vanilla 22g"},"content":{"rendered":"","protected":false},"excerpt":{"rendered":"<p>Oreo Cakesters Vainilla (China) es un delicioso y goloso tentempi\u00e9 que combina el sabor cl\u00e1sico de las galletas Oreo con un cremoso relleno de vainilla. Estas delicias en forma de tarta vienen en un envase c\u00f3modo y port\u00e1til, lo que las convierte en un tentempi\u00e9 o postre perfecto para llevar.<\/p>","protected":false},"featured_media":11624,"comment_status":"open","ping_status":"closed","template":"","meta":{"nf_dc_page":"","inline_featured_image":false},"product_cat":[15],"product_tag":[],"class_list":{"0":"post-11623","1":"product","2":"type-product","3":"status-publish","4":"has-post-thumbnail","6":"product_cat-chocolate","8":"first","9":"outofstock","10":"taxable","11":"shipping-taxable","12":"purchasable","13":"product-type-simple"},"_links":{"self":[{"href":"https:\/\/thesweetseria.com\/es\/wp-json\/wp\/v2\/product\/11623","targetHints":{"allow":["GET"]}}],"collection":[{"href":"https:\/\/thesweetseria.com\/es\/wp-json\/wp\/v2\/product"}],"about":[{"href":"https:\/\/thesweetseria.com\/es\/wp-json\/wp\/v2\/types\/product"}],"replies":[{"embeddable":true,"href":"https:\/\/thesweetseria.com\/es\/wp-json\/wp\/v2\/comments?post=11623"}],"wp:featuredmedia":[{"embeddable":true,"href":"https:\/\/thesweetseria.com\/es\/wp-json\/wp\/v2\/media\/11624"}],"wp:attachment":[{"href":"https:\/\/thesweetseria.com\/es\/wp-json\/wp\/v2\/media?parent=11623"}],"wp:term":[{"taxonomy":"product_cat","embeddable":true,"href":"https:\/\/thesweetseria.com\/es\/wp-json\/wp\/v2\/product_cat?post=11623"},{"taxonomy":"product_tag","embeddable":true,"href":"https:\/\/thesweetseria.com\/es\/wp-json\/wp\/v2\/product_tag?post=11623"}],"curies":[{"name":"wp","href":"https:\/\/api.w.org\/{rel}","templated":true}]}}