{"id":11595,"date":"2024-12-09T09:02:38","date_gmt":"2024-12-09T09:02:38","guid":{"rendered":"https:\/\/thesweetseria.com\/?post_type=product&#038;p=11595"},"modified":"2025-07-21T11:30:21","modified_gmt":"2025-07-21T11:30:21","slug":"red-bull-thailand-kratingdaeng-250g","status":"publish","type":"product","link":"https:\/\/thesweetseria.com\/es\/producto\/red-bull-thailand-kratingdaeng-250g\/","title":{"rendered":"Red Bull Thailand Kratingdaeng 250g"},"content":{"rendered":"","protected":false},"excerpt":{"rendered":"<p>Red Bull Krating Daeng es la m\u00e1s popular en los pa\u00edses del Sudeste Asi\u00e1tico, como Tailandia. A diferencia de su hom\u00f3loga occidental, Krating Daeng es una bebida energ\u00e9tica sin gas que se vende casi exclusivamente en el Sudeste Asi\u00e1tico. Esta bebida es baja en cafe\u00edna y az\u00facar, pero alta en calor\u00edas.<\/p>","protected":false},"featured_media":11596,"comment_status":"open","ping_status":"closed","template":"","meta":{"nf_dc_page":"","inline_featured_image":false},"product_cat":[90],"product_tag":[],"class_list":{"0":"post-11595","1":"product","2":"type-product","3":"status-publish","4":"has-post-thumbnail","6":"product_cat-drinks","8":"first","9":"outofstock","10":"taxable","11":"shipping-taxable","12":"purchasable","13":"product-type-simple"},"_links":{"self":[{"href":"https:\/\/thesweetseria.com\/es\/wp-json\/wp\/v2\/product\/11595","targetHints":{"allow":["GET"]}}],"collection":[{"href":"https:\/\/thesweetseria.com\/es\/wp-json\/wp\/v2\/product"}],"about":[{"href":"https:\/\/thesweetseria.com\/es\/wp-json\/wp\/v2\/types\/product"}],"replies":[{"embeddable":true,"href":"https:\/\/thesweetseria.com\/es\/wp-json\/wp\/v2\/comments?post=11595"}],"wp:featuredmedia":[{"embeddable":true,"href":"https:\/\/thesweetseria.com\/es\/wp-json\/wp\/v2\/media\/11596"}],"wp:attachment":[{"href":"https:\/\/thesweetseria.com\/es\/wp-json\/wp\/v2\/media?parent=11595"}],"wp:term":[{"taxonomy":"product_cat","embeddable":true,"href":"https:\/\/thesweetseria.com\/es\/wp-json\/wp\/v2\/product_cat?post=11595"},{"taxonomy":"product_tag","embeddable":true,"href":"https:\/\/thesweetseria.com\/es\/wp-json\/wp\/v2\/product_tag?post=11595"}],"curies":[{"name":"wp","href":"https:\/\/api.w.org\/{rel}","templated":true}]}}