{"id":11585,"date":"2024-11-25T11:58:52","date_gmt":"2024-11-25T11:58:52","guid":{"rendered":"https:\/\/thesweetseria.com\/?post_type=product&#038;p=11585"},"modified":"2026-01-15T12:00:09","modified_gmt":"2026-01-15T12:00:09","slug":"mr-beast-feastables-original-chocolate-bar-60g","status":"publish","type":"product","link":"https:\/\/thesweetseria.com\/es\/producto\/mr-beast-feastables-original-chocolate-bar-60g\/","title":{"rendered":"Mr Beast Feastables Original Chocolate Bar 60g"},"content":{"rendered":"","protected":false},"excerpt":{"rendered":"<p>Esta tableta presenta un chocolate rico y aterciopelado que se deshace en la boca, ofreciendo un sabor cl\u00e1sico que los amantes del chocolate adorar\u00e1n. Perfecta para darse un capricho dulce en cualquier momento, es un gran tentempi\u00e9 para compartir o disfrutar en solitario. Sum\u00e9rjase en el suave y lujoso mundo del chocolate MrBeast Original y saboree cada bocado.<\/p>","protected":false},"featured_media":11587,"comment_status":"open","ping_status":"closed","template":"","meta":{"nf_dc_page":"","inline_featured_image":false},"product_cat":[15],"product_tag":[],"class_list":{"0":"post-11585","1":"product","2":"type-product","3":"status-publish","4":"has-post-thumbnail","6":"product_cat-chocolate","8":"first","9":"outofstock","10":"taxable","11":"shipping-taxable","12":"purchasable","13":"product-type-simple"},"_links":{"self":[{"href":"https:\/\/thesweetseria.com\/es\/wp-json\/wp\/v2\/product\/11585","targetHints":{"allow":["GET"]}}],"collection":[{"href":"https:\/\/thesweetseria.com\/es\/wp-json\/wp\/v2\/product"}],"about":[{"href":"https:\/\/thesweetseria.com\/es\/wp-json\/wp\/v2\/types\/product"}],"replies":[{"embeddable":true,"href":"https:\/\/thesweetseria.com\/es\/wp-json\/wp\/v2\/comments?post=11585"}],"wp:featuredmedia":[{"embeddable":true,"href":"https:\/\/thesweetseria.com\/es\/wp-json\/wp\/v2\/media\/11587"}],"wp:attachment":[{"href":"https:\/\/thesweetseria.com\/es\/wp-json\/wp\/v2\/media?parent=11585"}],"wp:term":[{"taxonomy":"product_cat","embeddable":true,"href":"https:\/\/thesweetseria.com\/es\/wp-json\/wp\/v2\/product_cat?post=11585"},{"taxonomy":"product_tag","embeddable":true,"href":"https:\/\/thesweetseria.com\/es\/wp-json\/wp\/v2\/product_tag?post=11585"}],"curies":[{"name":"wp","href":"https:\/\/api.w.org\/{rel}","templated":true}]}}