{"id":11563,"date":"2024-11-16T11:48:43","date_gmt":"2024-11-16T11:48:43","guid":{"rendered":"https:\/\/thesweetseria.com\/?post_type=product&#038;p=11563"},"modified":"2025-10-02T17:32:56","modified_gmt":"2025-10-02T17:32:56","slug":"prime-arsenal-v2-500ml","status":"publish","type":"product","link":"https:\/\/thesweetseria.com\/es\/producto\/prime-arsenal-v2-500ml\/","title":{"rendered":"Prime Arsenal V2 500ml"},"content":{"rendered":"","protected":false},"excerpt":{"rendered":"<p>Dise\u00f1o Arsenal V2: Botella de edici\u00f3n limitada con la imagen del emblem\u00e1tico equipo de f\u00fatbol Arsenal. Con electrolitos: Formulada para ayudarte a mantenerte hidratado y reponer fuerzas durante la actividad f\u00edsica. Sin az\u00facar: Una opci\u00f3n de bebida m\u00e1s saludable con todo el sabor, sin az\u00facares a\u00f1adidos.<\/p>","protected":false},"featured_media":11564,"comment_status":"open","ping_status":"closed","template":"","meta":{"nf_dc_page":"","inline_featured_image":false},"product_cat":[90],"product_tag":[],"class_list":{"0":"post-11563","1":"product","2":"type-product","3":"status-publish","4":"has-post-thumbnail","6":"product_cat-drinks","8":"first","9":"outofstock","10":"sale","11":"taxable","12":"shipping-taxable","13":"purchasable","14":"product-type-simple"},"_links":{"self":[{"href":"https:\/\/thesweetseria.com\/es\/wp-json\/wp\/v2\/product\/11563","targetHints":{"allow":["GET"]}}],"collection":[{"href":"https:\/\/thesweetseria.com\/es\/wp-json\/wp\/v2\/product"}],"about":[{"href":"https:\/\/thesweetseria.com\/es\/wp-json\/wp\/v2\/types\/product"}],"replies":[{"embeddable":true,"href":"https:\/\/thesweetseria.com\/es\/wp-json\/wp\/v2\/comments?post=11563"}],"wp:featuredmedia":[{"embeddable":true,"href":"https:\/\/thesweetseria.com\/es\/wp-json\/wp\/v2\/media\/11564"}],"wp:attachment":[{"href":"https:\/\/thesweetseria.com\/es\/wp-json\/wp\/v2\/media?parent=11563"}],"wp:term":[{"taxonomy":"product_cat","embeddable":true,"href":"https:\/\/thesweetseria.com\/es\/wp-json\/wp\/v2\/product_cat?post=11563"},{"taxonomy":"product_tag","embeddable":true,"href":"https:\/\/thesweetseria.com\/es\/wp-json\/wp\/v2\/product_tag?post=11563"}],"curies":[{"name":"wp","href":"https:\/\/api.w.org\/{rel}","templated":true}]}}