{"id":11555,"date":"2024-11-16T11:42:50","date_gmt":"2024-11-16T11:42:50","guid":{"rendered":"https:\/\/thesweetseria.com\/?post_type=product&#038;p=11555"},"modified":"2026-02-03T16:33:54","modified_gmt":"2026-02-03T16:33:54","slug":"china-fanta-lime-500ml","status":"publish","type":"product","link":"https:\/\/thesweetseria.com\/es\/producto\/china-fanta-lime-500ml\/","title":{"rendered":"China Fanta Lime 500ml"},"content":{"rendered":"","protected":false},"excerpt":{"rendered":"<p>Del\u00e9itese con el refrescante y ex\u00f3tico sabor de Fanta Lime Bottle (500 ml), un refresco \u00fanico importado directamente de China. Esta tentadora bebida combina el sabor picante de la lima con las cualidades burbujeantes y refrescantes de Fanta, ofreciendo un delicioso giro a un cl\u00e1sico favorito.<\/p>","protected":false},"featured_media":11556,"comment_status":"open","ping_status":"closed","template":"","meta":{"nf_dc_page":"","inline_featured_image":false},"product_cat":[90],"product_tag":[],"class_list":{"0":"post-11555","1":"product","2":"type-product","3":"status-publish","4":"has-post-thumbnail","6":"product_cat-drinks","8":"first","9":"instock","10":"taxable","11":"shipping-taxable","12":"purchasable","13":"product-type-simple"},"_links":{"self":[{"href":"https:\/\/thesweetseria.com\/es\/wp-json\/wp\/v2\/product\/11555","targetHints":{"allow":["GET"]}}],"collection":[{"href":"https:\/\/thesweetseria.com\/es\/wp-json\/wp\/v2\/product"}],"about":[{"href":"https:\/\/thesweetseria.com\/es\/wp-json\/wp\/v2\/types\/product"}],"replies":[{"embeddable":true,"href":"https:\/\/thesweetseria.com\/es\/wp-json\/wp\/v2\/comments?post=11555"}],"wp:featuredmedia":[{"embeddable":true,"href":"https:\/\/thesweetseria.com\/es\/wp-json\/wp\/v2\/media\/11556"}],"wp:attachment":[{"href":"https:\/\/thesweetseria.com\/es\/wp-json\/wp\/v2\/media?parent=11555"}],"wp:term":[{"taxonomy":"product_cat","embeddable":true,"href":"https:\/\/thesweetseria.com\/es\/wp-json\/wp\/v2\/product_cat?post=11555"},{"taxonomy":"product_tag","embeddable":true,"href":"https:\/\/thesweetseria.com\/es\/wp-json\/wp\/v2\/product_tag?post=11555"}],"curies":[{"name":"wp","href":"https:\/\/api.w.org\/{rel}","templated":true}]}}