{"id":11551,"date":"2024-11-16T11:29:21","date_gmt":"2024-11-16T11:29:21","guid":{"rendered":"https:\/\/thesweetseria.com\/?post_type=product&#038;p=11551"},"modified":"2026-03-19T12:53:36","modified_gmt":"2026-03-19T12:53:36","slug":"aw-root-beer-glass-341ml","status":"publish","type":"product","link":"https:\/\/thesweetseria.com\/es\/producto\/aw-root-beer-glass-341ml\/","title":{"rendered":"A&#038;W Root Beer Glass 341ml"},"content":{"rendered":"","protected":false},"excerpt":{"rendered":"<p>A&amp;W Root Beer casi no necesita presentaci\u00f3n. Este cl\u00e1sico americano casi legendario es efervescente, ligeramente dulce y sin demasiadas ra\u00edces ni complejidad. Ni que decir tiene que su ligera cremosidad la hace perfecta para crear flotadores de helado. A&amp;W Root Beer es la cerveza de ra\u00edz de referencia, sin\u00f3nimo de la propia cerveza de ra\u00edz. Presentada al p\u00fablico en 1919 y a\u00fan vigente, es la bebida que lanz\u00f3 una franquicia de restaurantes y ha llegado a definir el sabor del verano. Elaborada con sabores naturales, endulzada con az\u00facar de ca\u00f1a y naturalmente sin cafe\u00edna.<\/p>","protected":false},"featured_media":11552,"comment_status":"open","ping_status":"closed","template":"","meta":{"nf_dc_page":"","inline_featured_image":false},"product_cat":[90],"product_tag":[],"class_list":{"0":"post-11551","1":"product","2":"type-product","3":"status-publish","4":"has-post-thumbnail","6":"product_cat-drinks","8":"first","9":"instock","10":"taxable","11":"shipping-taxable","12":"purchasable","13":"product-type-simple"},"_links":{"self":[{"href":"https:\/\/thesweetseria.com\/es\/wp-json\/wp\/v2\/product\/11551","targetHints":{"allow":["GET"]}}],"collection":[{"href":"https:\/\/thesweetseria.com\/es\/wp-json\/wp\/v2\/product"}],"about":[{"href":"https:\/\/thesweetseria.com\/es\/wp-json\/wp\/v2\/types\/product"}],"replies":[{"embeddable":true,"href":"https:\/\/thesweetseria.com\/es\/wp-json\/wp\/v2\/comments?post=11551"}],"wp:featuredmedia":[{"embeddable":true,"href":"https:\/\/thesweetseria.com\/es\/wp-json\/wp\/v2\/media\/11552"}],"wp:attachment":[{"href":"https:\/\/thesweetseria.com\/es\/wp-json\/wp\/v2\/media?parent=11551"}],"wp:term":[{"taxonomy":"product_cat","embeddable":true,"href":"https:\/\/thesweetseria.com\/es\/wp-json\/wp\/v2\/product_cat?post=11551"},{"taxonomy":"product_tag","embeddable":true,"href":"https:\/\/thesweetseria.com\/es\/wp-json\/wp\/v2\/product_tag?post=11551"}],"curies":[{"name":"wp","href":"https:\/\/api.w.org\/{rel}","templated":true}]}}