{"id":11528,"date":"2024-10-24T17:12:06","date_gmt":"2024-10-24T17:12:06","guid":{"rendered":"https:\/\/thesweetseria.com\/?post_type=product&#038;p=11528"},"modified":"2025-11-12T17:33:47","modified_gmt":"2025-11-12T17:33:47","slug":"prime-glowberry-limited-edition-500ml-2","status":"publish","type":"product","link":"https:\/\/thesweetseria.com\/es\/producto\/prime-glowberry-limited-edition-500ml-2\/","title":{"rendered":"Prime Glowberry Limited Edition 500ml"},"content":{"rendered":"","protected":false},"excerpt":{"rendered":"<p>Repleta de electrolitos y vitaminas esenciales, esta bebida no s\u00f3lo sacia la sed, sino que tambi\u00e9n repone los niveles de hidrataci\u00f3n del cuerpo. La combinaci\u00f3n \u00fanica de sabores de mora y manzana \u00e1cida crea una tentadora experiencia de sabor que te dejar\u00e1 con ganas de m\u00e1s.<\/p>","protected":false},"featured_media":11529,"comment_status":"open","ping_status":"closed","template":"","meta":{"nf_dc_page":"","inline_featured_image":false},"product_cat":[90],"product_tag":[],"class_list":{"0":"post-11528","1":"product","2":"type-product","3":"status-publish","4":"has-post-thumbnail","6":"product_cat-drinks","8":"first","9":"instock","10":"sale","11":"taxable","12":"shipping-taxable","13":"purchasable","14":"product-type-simple"},"_links":{"self":[{"href":"https:\/\/thesweetseria.com\/es\/wp-json\/wp\/v2\/product\/11528","targetHints":{"allow":["GET"]}}],"collection":[{"href":"https:\/\/thesweetseria.com\/es\/wp-json\/wp\/v2\/product"}],"about":[{"href":"https:\/\/thesweetseria.com\/es\/wp-json\/wp\/v2\/types\/product"}],"replies":[{"embeddable":true,"href":"https:\/\/thesweetseria.com\/es\/wp-json\/wp\/v2\/comments?post=11528"}],"wp:featuredmedia":[{"embeddable":true,"href":"https:\/\/thesweetseria.com\/es\/wp-json\/wp\/v2\/media\/11529"}],"wp:attachment":[{"href":"https:\/\/thesweetseria.com\/es\/wp-json\/wp\/v2\/media?parent=11528"}],"wp:term":[{"taxonomy":"product_cat","embeddable":true,"href":"https:\/\/thesweetseria.com\/es\/wp-json\/wp\/v2\/product_cat?post=11528"},{"taxonomy":"product_tag","embeddable":true,"href":"https:\/\/thesweetseria.com\/es\/wp-json\/wp\/v2\/product_tag?post=11528"}],"curies":[{"name":"wp","href":"https:\/\/api.w.org\/{rel}","templated":true}]}}