{"id":11514,"date":"2024-10-22T10:07:42","date_gmt":"2024-10-22T10:07:42","guid":{"rendered":"https:\/\/thesweetseria.com\/?post_type=product&#038;p=11514"},"modified":"2025-06-04T17:54:18","modified_gmt":"2025-06-04T17:54:18","slug":"skittles-original-drink-414-ml","status":"publish","type":"product","link":"https:\/\/thesweetseria.com\/es\/producto\/skittles-original-drink-414-ml\/","title":{"rendered":"Skittles Original Drink 414 ml"},"content":{"rendered":"","protected":false},"excerpt":{"rendered":"<p>Esta sabrosa bebida tiene los sabores vibrantes y afrutados de los Skittles originales. Sus papilas gustativas bailar\u00e1n felices mientras sorbe su fant\u00e1stico sabor afrutado. Celebra este caramelo retro mientras degustas los divertidos sabores de naranja, lim\u00f3n, lima, uva y fresa.<\/p>","protected":false},"featured_media":11518,"comment_status":"open","ping_status":"closed","template":"","meta":{"nf_dc_page":"","inline_featured_image":false},"product_cat":[90],"product_tag":[],"class_list":{"0":"post-11514","1":"product","2":"type-product","3":"status-publish","4":"has-post-thumbnail","6":"product_cat-drinks","8":"first","9":"outofstock","10":"taxable","11":"shipping-taxable","12":"purchasable","13":"product-type-simple"},"_links":{"self":[{"href":"https:\/\/thesweetseria.com\/es\/wp-json\/wp\/v2\/product\/11514","targetHints":{"allow":["GET"]}}],"collection":[{"href":"https:\/\/thesweetseria.com\/es\/wp-json\/wp\/v2\/product"}],"about":[{"href":"https:\/\/thesweetseria.com\/es\/wp-json\/wp\/v2\/types\/product"}],"replies":[{"embeddable":true,"href":"https:\/\/thesweetseria.com\/es\/wp-json\/wp\/v2\/comments?post=11514"}],"wp:featuredmedia":[{"embeddable":true,"href":"https:\/\/thesweetseria.com\/es\/wp-json\/wp\/v2\/media\/11518"}],"wp:attachment":[{"href":"https:\/\/thesweetseria.com\/es\/wp-json\/wp\/v2\/media?parent=11514"}],"wp:term":[{"taxonomy":"product_cat","embeddable":true,"href":"https:\/\/thesweetseria.com\/es\/wp-json\/wp\/v2\/product_cat?post=11514"},{"taxonomy":"product_tag","embeddable":true,"href":"https:\/\/thesweetseria.com\/es\/wp-json\/wp\/v2\/product_tag?post=11514"}],"curies":[{"name":"wp","href":"https:\/\/api.w.org\/{rel}","templated":true}]}}