{"id":11512,"date":"2024-10-22T10:07:05","date_gmt":"2024-10-22T10:07:05","guid":{"rendered":"https:\/\/thesweetseria.com\/?post_type=product&#038;p=11512"},"modified":"2025-02-13T09:27:08","modified_gmt":"2025-02-13T09:27:08","slug":"takis-zombie-28g","status":"publish","type":"product","link":"https:\/\/thesweetseria.com\/es\/producto\/takis-zombie-28g\/","title":{"rendered":"Takis Zombie 28g"},"content":{"rendered":"","protected":false},"excerpt":{"rendered":"<p>\u00a1La edici\u00f3n limitada de Takis Zombie llega para Halloween! Pon la piel de gallina con el intenso sabor de las tortillas enrolladas Takis\u00ae Zombie Habenero, Pepino y Lima. Estos espeluznantes y picantes chips se han vuelto verdes con la diversi\u00f3n tem\u00e1tica Zombie en cada bocado s\u00faper crujiente.<\/p>","protected":false},"featured_media":11513,"comment_status":"open","ping_status":"closed","template":"","meta":{"nf_dc_page":"","inline_featured_image":false},"product_cat":[107],"product_tag":[],"class_list":{"0":"post-11512","1":"product","2":"type-product","3":"status-publish","4":"has-post-thumbnail","6":"product_cat-salty-snacks","8":"first","9":"outofstock","10":"taxable","11":"shipping-taxable","12":"purchasable","13":"product-type-simple"},"_links":{"self":[{"href":"https:\/\/thesweetseria.com\/es\/wp-json\/wp\/v2\/product\/11512","targetHints":{"allow":["GET"]}}],"collection":[{"href":"https:\/\/thesweetseria.com\/es\/wp-json\/wp\/v2\/product"}],"about":[{"href":"https:\/\/thesweetseria.com\/es\/wp-json\/wp\/v2\/types\/product"}],"replies":[{"embeddable":true,"href":"https:\/\/thesweetseria.com\/es\/wp-json\/wp\/v2\/comments?post=11512"}],"wp:featuredmedia":[{"embeddable":true,"href":"https:\/\/thesweetseria.com\/es\/wp-json\/wp\/v2\/media\/11513"}],"wp:attachment":[{"href":"https:\/\/thesweetseria.com\/es\/wp-json\/wp\/v2\/media?parent=11512"}],"wp:term":[{"taxonomy":"product_cat","embeddable":true,"href":"https:\/\/thesweetseria.com\/es\/wp-json\/wp\/v2\/product_cat?post=11512"},{"taxonomy":"product_tag","embeddable":true,"href":"https:\/\/thesweetseria.com\/es\/wp-json\/wp\/v2\/product_tag?post=11512"}],"curies":[{"name":"wp","href":"https:\/\/api.w.org\/{rel}","templated":true}]}}