{"id":11471,"date":"2024-10-05T07:27:30","date_gmt":"2024-10-05T07:27:30","guid":{"rendered":"https:\/\/thesweetseria.com\/?post_type=product&#038;p=11471"},"modified":"2026-01-29T16:33:47","modified_gmt":"2026-01-29T16:33:47","slug":"vidal-dragon-jelly-33g-2","status":"publish","type":"product","link":"https:\/\/thesweetseria.com\/es\/producto\/vidal-dragon-jelly-33g-2\/","title":{"rendered":"Vidal Dragon Jelly 33g"},"content":{"rendered":"","protected":false},"excerpt":{"rendered":"<p>Vidal Dragon Jelly te invita a una aventura m\u00edtica con sus caramelos de goma en forma de drag\u00f3n, repletos de atrevidos sabores afrutados. Estas encantadoras golosinas ofrecen una deliciosa masticaci\u00f3n y son perfectas para inspirar la imaginaci\u00f3n en fiestas tem\u00e1ticas o como un divertido tentempi\u00e9 diario.<\/p>","protected":false},"featured_media":11472,"comment_status":"open","ping_status":"closed","template":"","meta":{"nf_dc_page":"","inline_featured_image":false},"product_cat":[108],"product_tag":[],"class_list":{"0":"post-11471","1":"product","2":"type-product","3":"status-publish","4":"has-post-thumbnail","6":"product_cat-candies","8":"first","9":"instock","10":"taxable","11":"shipping-taxable","12":"purchasable","13":"product-type-simple"},"_links":{"self":[{"href":"https:\/\/thesweetseria.com\/es\/wp-json\/wp\/v2\/product\/11471","targetHints":{"allow":["GET"]}}],"collection":[{"href":"https:\/\/thesweetseria.com\/es\/wp-json\/wp\/v2\/product"}],"about":[{"href":"https:\/\/thesweetseria.com\/es\/wp-json\/wp\/v2\/types\/product"}],"replies":[{"embeddable":true,"href":"https:\/\/thesweetseria.com\/es\/wp-json\/wp\/v2\/comments?post=11471"}],"wp:featuredmedia":[{"embeddable":true,"href":"https:\/\/thesweetseria.com\/es\/wp-json\/wp\/v2\/media\/11472"}],"wp:attachment":[{"href":"https:\/\/thesweetseria.com\/es\/wp-json\/wp\/v2\/media?parent=11471"}],"wp:term":[{"taxonomy":"product_cat","embeddable":true,"href":"https:\/\/thesweetseria.com\/es\/wp-json\/wp\/v2\/product_cat?post=11471"},{"taxonomy":"product_tag","embeddable":true,"href":"https:\/\/thesweetseria.com\/es\/wp-json\/wp\/v2\/product_tag?post=11471"}],"curies":[{"name":"wp","href":"https:\/\/api.w.org\/{rel}","templated":true}]}}