{"id":11453,"date":"2024-09-20T17:58:29","date_gmt":"2024-09-20T17:58:29","guid":{"rendered":"https:\/\/thesweetseria.com\/?post_type=product&#038;p=11453"},"modified":"2025-02-06T17:28:09","modified_gmt":"2025-02-06T17:28:09","slug":"capn-crunch-original-350g","status":"publish","type":"product","link":"https:\/\/thesweetseria.com\/es\/producto\/capn-crunch-original-350g\/","title":{"rendered":"Cap&#8217;n Crunch Original 350g"},"content":{"rendered":"","protected":false},"excerpt":{"rendered":"<p>Los cereales Capn Crunch son unos crujientes cereales azucarados de ma\u00edz y avena de gran sabor que encantar\u00e1n a toda la familia. Es una excelente fuente de siete vitaminas y minerales esenciales, es bajo en grasas y contiene cero gramos de grasas trans por raci\u00f3n. S\u00edrvalo con leche desnatada y fruta o con un vaso de zumo 100% para un desayuno nutritivo f\u00e1cil de preparar. Fuente de energ\u00eda. Fuente de 7 nutrientes esenciales. Crujiente cereal azucarado de ma\u00edz y avena. Importado de Canad\u00e1<\/p>","protected":false},"featured_media":11454,"comment_status":"open","ping_status":"closed","template":"","meta":{"nf_dc_page":"","inline_featured_image":false},"product_cat":[111],"product_tag":[],"class_list":{"0":"post-11453","1":"product","2":"type-product","3":"status-publish","4":"has-post-thumbnail","6":"product_cat-cereal","8":"first","9":"outofstock","10":"taxable","11":"shipping-taxable","12":"purchasable","13":"product-type-simple"},"_links":{"self":[{"href":"https:\/\/thesweetseria.com\/es\/wp-json\/wp\/v2\/product\/11453","targetHints":{"allow":["GET"]}}],"collection":[{"href":"https:\/\/thesweetseria.com\/es\/wp-json\/wp\/v2\/product"}],"about":[{"href":"https:\/\/thesweetseria.com\/es\/wp-json\/wp\/v2\/types\/product"}],"replies":[{"embeddable":true,"href":"https:\/\/thesweetseria.com\/es\/wp-json\/wp\/v2\/comments?post=11453"}],"wp:featuredmedia":[{"embeddable":true,"href":"https:\/\/thesweetseria.com\/es\/wp-json\/wp\/v2\/media\/11454"}],"wp:attachment":[{"href":"https:\/\/thesweetseria.com\/es\/wp-json\/wp\/v2\/media?parent=11453"}],"wp:term":[{"taxonomy":"product_cat","embeddable":true,"href":"https:\/\/thesweetseria.com\/es\/wp-json\/wp\/v2\/product_cat?post=11453"},{"taxonomy":"product_tag","embeddable":true,"href":"https:\/\/thesweetseria.com\/es\/wp-json\/wp\/v2\/product_tag?post=11453"}],"curies":[{"name":"wp","href":"https:\/\/api.w.org\/{rel}","templated":true}]}}