{"id":11449,"date":"2024-09-20T17:56:24","date_gmt":"2024-09-20T17:56:24","guid":{"rendered":"https:\/\/thesweetseria.com\/?post_type=product&#038;p=11449"},"modified":"2026-03-20T12:11:31","modified_gmt":"2026-03-20T12:11:31","slug":"dweebs-grape-blueberry-45g","status":"publish","type":"product","link":"https:\/\/thesweetseria.com\/es\/producto\/dweebs-grape-blueberry-45g\/","title":{"rendered":"Dweebs Grape &#038; Blueberry 45g"},"content":{"rendered":"","protected":false},"excerpt":{"rendered":"<p>La jugosa uva y el dulce ar\u00e1ndano ofrecen una explosi\u00f3n de sabor a bayas en cada bocado. Son dulces, crujientes y picantes. La caja de doble c\u00e1mara de 45 g le permite disfrutar de los sabores por separado o combinarlos para disfrutar de una nueva experiencia de combinaci\u00f3n de sabores.<\/p>","protected":false},"featured_media":11450,"comment_status":"open","ping_status":"closed","template":"","meta":{"nf_dc_page":"","inline_featured_image":false},"product_cat":[108],"product_tag":[],"class_list":{"0":"post-11449","1":"product","2":"type-product","3":"status-publish","4":"has-post-thumbnail","6":"product_cat-candies","8":"first","9":"instock","10":"taxable","11":"shipping-taxable","12":"purchasable","13":"product-type-simple"},"_links":{"self":[{"href":"https:\/\/thesweetseria.com\/es\/wp-json\/wp\/v2\/product\/11449","targetHints":{"allow":["GET"]}}],"collection":[{"href":"https:\/\/thesweetseria.com\/es\/wp-json\/wp\/v2\/product"}],"about":[{"href":"https:\/\/thesweetseria.com\/es\/wp-json\/wp\/v2\/types\/product"}],"replies":[{"embeddable":true,"href":"https:\/\/thesweetseria.com\/es\/wp-json\/wp\/v2\/comments?post=11449"}],"wp:featuredmedia":[{"embeddable":true,"href":"https:\/\/thesweetseria.com\/es\/wp-json\/wp\/v2\/media\/11450"}],"wp:attachment":[{"href":"https:\/\/thesweetseria.com\/es\/wp-json\/wp\/v2\/media?parent=11449"}],"wp:term":[{"taxonomy":"product_cat","embeddable":true,"href":"https:\/\/thesweetseria.com\/es\/wp-json\/wp\/v2\/product_cat?post=11449"},{"taxonomy":"product_tag","embeddable":true,"href":"https:\/\/thesweetseria.com\/es\/wp-json\/wp\/v2\/product_tag?post=11449"}],"curies":[{"name":"wp","href":"https:\/\/api.w.org\/{rel}","templated":true}]}}