{"id":11447,"date":"2024-09-20T17:55:21","date_gmt":"2024-09-20T17:55:21","guid":{"rendered":"https:\/\/thesweetseria.com\/?post_type=product&#038;p=11447"},"modified":"2025-10-06T23:59:25","modified_gmt":"2025-10-06T23:59:25","slug":"dweebs-orange-cola-45g","status":"publish","type":"product","link":"https:\/\/thesweetseria.com\/es\/producto\/dweebs-orange-cola-45g\/","title":{"rendered":"Dweebs Orange &#038; Cola 45g"},"content":{"rendered":"","protected":false},"excerpt":{"rendered":"<p>Ahora puedes disfrutar del sabor de la cola de naranja en forma de caramelo crujiente y \u00e1cido con DWEEBS. Esta combinaci\u00f3n de sabores se disfruta en Alemania desde hace d\u00e9cadas en forma de Spezi, un popular refresco que combina refresco de naranja y cola. El toque c\u00edtrico de la naranja combina a la perfecci\u00f3n con el dulce refresco de cola.<\/p>","protected":false},"featured_media":11448,"comment_status":"open","ping_status":"closed","template":"","meta":{"nf_dc_page":"","inline_featured_image":false},"product_cat":[108],"product_tag":[],"class_list":{"0":"post-11447","1":"product","2":"type-product","3":"status-publish","4":"has-post-thumbnail","6":"product_cat-candies","8":"first","9":"instock","10":"taxable","11":"shipping-taxable","12":"purchasable","13":"product-type-simple"},"_links":{"self":[{"href":"https:\/\/thesweetseria.com\/es\/wp-json\/wp\/v2\/product\/11447","targetHints":{"allow":["GET"]}}],"collection":[{"href":"https:\/\/thesweetseria.com\/es\/wp-json\/wp\/v2\/product"}],"about":[{"href":"https:\/\/thesweetseria.com\/es\/wp-json\/wp\/v2\/types\/product"}],"replies":[{"embeddable":true,"href":"https:\/\/thesweetseria.com\/es\/wp-json\/wp\/v2\/comments?post=11447"}],"wp:featuredmedia":[{"embeddable":true,"href":"https:\/\/thesweetseria.com\/es\/wp-json\/wp\/v2\/media\/11448"}],"wp:attachment":[{"href":"https:\/\/thesweetseria.com\/es\/wp-json\/wp\/v2\/media?parent=11447"}],"wp:term":[{"taxonomy":"product_cat","embeddable":true,"href":"https:\/\/thesweetseria.com\/es\/wp-json\/wp\/v2\/product_cat?post=11447"},{"taxonomy":"product_tag","embeddable":true,"href":"https:\/\/thesweetseria.com\/es\/wp-json\/wp\/v2\/product_tag?post=11447"}],"curies":[{"name":"wp","href":"https:\/\/api.w.org\/{rel}","templated":true}]}}