{"id":11407,"date":"2024-09-19T14:49:55","date_gmt":"2024-09-19T14:49:55","guid":{"rendered":"https:\/\/thesweetseria.com\/?post_type=product&#038;p=11407"},"modified":"2025-03-27T17:50:24","modified_gmt":"2025-03-27T17:50:24","slug":"gummy-noodles-funny-candy-63g","status":"publish","type":"product","link":"https:\/\/thesweetseria.com\/es\/producto\/gummy-noodles-funny-candy-63g\/","title":{"rendered":"Gummy Noodles Funny Candy 63g"},"content":{"rendered":"","protected":false},"excerpt":{"rendered":"<p>Estos Crazy Candy Factory Gummy Noodles son chicles con sabor a fruta en forma de fideos que vienen con caramelos l\u00edquidos y prensados, \u00a1completados con un bol de fideos y palillos para comerlos f\u00e1cil y placenteramente! Realmente es una forma \u00fanica de que los compradores disfruten de la sensaci\u00f3n gustativa de los caramelos de fresa, manzana y naranja.<\/p>","protected":false},"featured_media":11424,"comment_status":"open","ping_status":"closed","template":"","meta":{"nf_dc_page":"","inline_featured_image":false},"product_cat":[108],"product_tag":[],"class_list":{"0":"post-11407","1":"product","2":"type-product","3":"status-publish","4":"has-post-thumbnail","6":"product_cat-candies","8":"first","9":"outofstock","10":"taxable","11":"shipping-taxable","12":"purchasable","13":"product-type-simple"},"_links":{"self":[{"href":"https:\/\/thesweetseria.com\/es\/wp-json\/wp\/v2\/product\/11407","targetHints":{"allow":["GET"]}}],"collection":[{"href":"https:\/\/thesweetseria.com\/es\/wp-json\/wp\/v2\/product"}],"about":[{"href":"https:\/\/thesweetseria.com\/es\/wp-json\/wp\/v2\/types\/product"}],"replies":[{"embeddable":true,"href":"https:\/\/thesweetseria.com\/es\/wp-json\/wp\/v2\/comments?post=11407"}],"wp:featuredmedia":[{"embeddable":true,"href":"https:\/\/thesweetseria.com\/es\/wp-json\/wp\/v2\/media\/11424"}],"wp:attachment":[{"href":"https:\/\/thesweetseria.com\/es\/wp-json\/wp\/v2\/media?parent=11407"}],"wp:term":[{"taxonomy":"product_cat","embeddable":true,"href":"https:\/\/thesweetseria.com\/es\/wp-json\/wp\/v2\/product_cat?post=11407"},{"taxonomy":"product_tag","embeddable":true,"href":"https:\/\/thesweetseria.com\/es\/wp-json\/wp\/v2\/product_tag?post=11407"}],"curies":[{"name":"wp","href":"https:\/\/api.w.org\/{rel}","templated":true}]}}