{"id":11389,"date":"2024-09-17T19:01:26","date_gmt":"2024-09-17T19:01:26","guid":{"rendered":"https:\/\/thesweetseria.com\/?post_type=product&#038;p=11389"},"modified":"2025-08-27T17:16:28","modified_gmt":"2025-08-27T17:16:28","slug":"vidal-pizza-jelly-66g","status":"publish","type":"product","link":"https:\/\/thesweetseria.com\/es\/producto\/vidal-pizza-jelly-66g\/","title":{"rendered":"Vidal Pizza Jelly 66g"},"content":{"rendered":"","protected":false},"excerpt":{"rendered":"<p>Los Pizza Jelly de Vidal son 8 peque\u00f1os caramelos de gelatina blanda con forma de porciones de pizza. No solo son muy suaves y deliciosos, sino tambi\u00e9n s\u00faper chulos.<\/p>","protected":false},"featured_media":11397,"comment_status":"open","ping_status":"closed","template":"","meta":{"nf_dc_page":"","inline_featured_image":false},"product_cat":[108],"product_tag":[],"class_list":{"0":"post-11389","1":"product","2":"type-product","3":"status-publish","4":"has-post-thumbnail","6":"product_cat-candies","8":"first","9":"instock","10":"taxable","11":"shipping-taxable","12":"purchasable","13":"product-type-simple"},"_links":{"self":[{"href":"https:\/\/thesweetseria.com\/es\/wp-json\/wp\/v2\/product\/11389","targetHints":{"allow":["GET"]}}],"collection":[{"href":"https:\/\/thesweetseria.com\/es\/wp-json\/wp\/v2\/product"}],"about":[{"href":"https:\/\/thesweetseria.com\/es\/wp-json\/wp\/v2\/types\/product"}],"replies":[{"embeddable":true,"href":"https:\/\/thesweetseria.com\/es\/wp-json\/wp\/v2\/comments?post=11389"}],"wp:featuredmedia":[{"embeddable":true,"href":"https:\/\/thesweetseria.com\/es\/wp-json\/wp\/v2\/media\/11397"}],"wp:attachment":[{"href":"https:\/\/thesweetseria.com\/es\/wp-json\/wp\/v2\/media?parent=11389"}],"wp:term":[{"taxonomy":"product_cat","embeddable":true,"href":"https:\/\/thesweetseria.com\/es\/wp-json\/wp\/v2\/product_cat?post=11389"},{"taxonomy":"product_tag","embeddable":true,"href":"https:\/\/thesweetseria.com\/es\/wp-json\/wp\/v2\/product_tag?post=11389"}],"curies":[{"name":"wp","href":"https:\/\/api.w.org\/{rel}","templated":true}]}}