{"id":11368,"date":"2024-09-11T11:06:59","date_gmt":"2024-09-11T11:06:59","guid":{"rendered":"https:\/\/thesweetseria.com\/?post_type=product&#038;p=11368"},"modified":"2025-12-08T18:33:43","modified_gmt":"2025-12-08T18:33:43","slug":"mr-beast-feastables-karl-gummies-sour-blue-raspberry-50g","status":"publish","type":"product","link":"https:\/\/thesweetseria.com\/es\/producto\/mr-beast-feastables-karl-gummies-sour-blue-raspberry-50g\/","title":{"rendered":"Mr Beast Feastables Karl Gummies Sour Blue Raspberry 50g"},"content":{"rendered":"","protected":false},"excerpt":{"rendered":"<p>Una EXPLOSI\u00d3N de sabor a frambuesa azul \u00e1cida. Aprobado por Karl. Deliciosamente apetecible y con menos de 50 calor\u00edas por raci\u00f3n. S\u00f3lo 5 g de az\u00facar, lo justo para equilibrar el sabor \u00e1cido. A base de plantas y hecho s\u00f3lo con los mejores ingredientes. Sin sabores artificiales, colorantes ni conservantes.<\/p>","protected":false},"featured_media":11369,"comment_status":"open","ping_status":"closed","template":"","meta":{"nf_dc_page":"","inline_featured_image":false},"product_cat":[108],"product_tag":[],"class_list":{"0":"post-11368","1":"product","2":"type-product","3":"status-publish","4":"has-post-thumbnail","6":"product_cat-candies","8":"first","9":"outofstock","10":"taxable","11":"shipping-taxable","12":"purchasable","13":"product-type-simple"},"_links":{"self":[{"href":"https:\/\/thesweetseria.com\/es\/wp-json\/wp\/v2\/product\/11368","targetHints":{"allow":["GET"]}}],"collection":[{"href":"https:\/\/thesweetseria.com\/es\/wp-json\/wp\/v2\/product"}],"about":[{"href":"https:\/\/thesweetseria.com\/es\/wp-json\/wp\/v2\/types\/product"}],"replies":[{"embeddable":true,"href":"https:\/\/thesweetseria.com\/es\/wp-json\/wp\/v2\/comments?post=11368"}],"wp:featuredmedia":[{"embeddable":true,"href":"https:\/\/thesweetseria.com\/es\/wp-json\/wp\/v2\/media\/11369"}],"wp:attachment":[{"href":"https:\/\/thesweetseria.com\/es\/wp-json\/wp\/v2\/media?parent=11368"}],"wp:term":[{"taxonomy":"product_cat","embeddable":true,"href":"https:\/\/thesweetseria.com\/es\/wp-json\/wp\/v2\/product_cat?post=11368"},{"taxonomy":"product_tag","embeddable":true,"href":"https:\/\/thesweetseria.com\/es\/wp-json\/wp\/v2\/product_tag?post=11368"}],"curies":[{"name":"wp","href":"https:\/\/api.w.org\/{rel}","templated":true}]}}