{"id":11360,"date":"2024-09-09T10:50:57","date_gmt":"2024-09-09T10:50:57","guid":{"rendered":"https:\/\/thesweetseria.com\/?post_type=product&#038;p=11360"},"modified":"2026-02-16T17:04:02","modified_gmt":"2026-02-16T17:04:02","slug":"skittles-giants-gooey-125g","status":"publish","type":"product","link":"https:\/\/thesweetseria.com\/es\/producto\/skittles-giants-gooey-125g\/","title":{"rendered":"Skittles Giants Gooey 125g"},"content":{"rendered":"","protected":false},"excerpt":{"rendered":"<p>Caramelos masticables con c\u00e1scara crujiente de az\u00facar y relleno a base de az\u00facar. Fresa, lima, lim\u00f3n, grosella negra, naranja. La misma carcasa crujiente, nuevo y sabroso centro.<\/p>","protected":false},"featured_media":11361,"comment_status":"open","ping_status":"closed","template":"","meta":{"nf_dc_page":"","inline_featured_image":false},"product_cat":[108],"product_tag":[],"class_list":{"0":"post-11360","1":"product","2":"type-product","3":"status-publish","4":"has-post-thumbnail","6":"product_cat-candies","8":"first","9":"instock","10":"taxable","11":"shipping-taxable","12":"purchasable","13":"product-type-simple"},"_links":{"self":[{"href":"https:\/\/thesweetseria.com\/es\/wp-json\/wp\/v2\/product\/11360","targetHints":{"allow":["GET"]}}],"collection":[{"href":"https:\/\/thesweetseria.com\/es\/wp-json\/wp\/v2\/product"}],"about":[{"href":"https:\/\/thesweetseria.com\/es\/wp-json\/wp\/v2\/types\/product"}],"replies":[{"embeddable":true,"href":"https:\/\/thesweetseria.com\/es\/wp-json\/wp\/v2\/comments?post=11360"}],"wp:featuredmedia":[{"embeddable":true,"href":"https:\/\/thesweetseria.com\/es\/wp-json\/wp\/v2\/media\/11361"}],"wp:attachment":[{"href":"https:\/\/thesweetseria.com\/es\/wp-json\/wp\/v2\/media?parent=11360"}],"wp:term":[{"taxonomy":"product_cat","embeddable":true,"href":"https:\/\/thesweetseria.com\/es\/wp-json\/wp\/v2\/product_cat?post=11360"},{"taxonomy":"product_tag","embeddable":true,"href":"https:\/\/thesweetseria.com\/es\/wp-json\/wp\/v2\/product_tag?post=11360"}],"curies":[{"name":"wp","href":"https:\/\/api.w.org\/{rel}","templated":true}]}}