{"id":11347,"date":"2024-09-06T14:45:52","date_gmt":"2024-09-06T14:45:52","guid":{"rendered":"https:\/\/thesweetseria.com\/?post_type=product&#038;p=11347"},"modified":"2026-04-24T12:57:03","modified_gmt":"2026-04-24T12:57:03","slug":"sunkist-watermelon-lemonade-can-355ml","status":"publish","type":"product","link":"https:\/\/thesweetseria.com\/es\/producto\/sunkist-watermelon-lemonade-can-355ml\/","title":{"rendered":"Sunkist Watermelon Lemonade Can 355ml"},"content":{"rendered":"","protected":false},"excerpt":{"rendered":"<p>Esta lata de 355 ml combina el frescor de la sand\u00eda madura con el zumbido del lim\u00f3n fresco, proporcionando una explosi\u00f3n de sabor afrutado en cada sorbo. Perfecta para calmar la sed en los d\u00edas calurosos o para a\u00f1adir un toque de delicia tropical a cualquier ocasi\u00f3n.<\/p>","protected":false},"featured_media":11348,"comment_status":"open","ping_status":"closed","template":"","meta":{"nf_dc_page":"","inline_featured_image":false},"product_cat":[90],"product_tag":[],"class_list":{"0":"post-11347","1":"product","2":"type-product","3":"status-publish","4":"has-post-thumbnail","6":"product_cat-drinks","8":"first","9":"instock","10":"taxable","11":"shipping-taxable","12":"purchasable","13":"product-type-simple"},"_links":{"self":[{"href":"https:\/\/thesweetseria.com\/es\/wp-json\/wp\/v2\/product\/11347","targetHints":{"allow":["GET"]}}],"collection":[{"href":"https:\/\/thesweetseria.com\/es\/wp-json\/wp\/v2\/product"}],"about":[{"href":"https:\/\/thesweetseria.com\/es\/wp-json\/wp\/v2\/types\/product"}],"replies":[{"embeddable":true,"href":"https:\/\/thesweetseria.com\/es\/wp-json\/wp\/v2\/comments?post=11347"}],"wp:featuredmedia":[{"embeddable":true,"href":"https:\/\/thesweetseria.com\/es\/wp-json\/wp\/v2\/media\/11348"}],"wp:attachment":[{"href":"https:\/\/thesweetseria.com\/es\/wp-json\/wp\/v2\/media?parent=11347"}],"wp:term":[{"taxonomy":"product_cat","embeddable":true,"href":"https:\/\/thesweetseria.com\/es\/wp-json\/wp\/v2\/product_cat?post=11347"},{"taxonomy":"product_tag","embeddable":true,"href":"https:\/\/thesweetseria.com\/es\/wp-json\/wp\/v2\/product_tag?post=11347"}],"curies":[{"name":"wp","href":"https:\/\/api.w.org\/{rel}","templated":true}]}}