{"id":11341,"date":"2024-09-06T14:39:13","date_gmt":"2024-09-06T14:39:13","guid":{"rendered":"https:\/\/thesweetseria.com\/?post_type=product&#038;p=11341"},"modified":"2026-04-24T12:57:03","modified_gmt":"2026-04-24T12:57:03","slug":"sunkist-berry-lemonade-can-355ml","status":"publish","type":"product","link":"https:\/\/thesweetseria.com\/es\/producto\/sunkist-berry-lemonade-can-355ml\/","title":{"rendered":"Sunkist Berry Lemonade Can 355ml"},"content":{"rendered":"","protected":false},"excerpt":{"rendered":"<p>Esta lata de 355 ml es una deliciosa mezcla de limonada \u00e1cida y una explosi\u00f3n de bayas mixtas, creando una bebida perfectamente equilibrada que es a la vez dulce y \u00e1cida. Cada sorbo ofrece una experiencia refrescante que seguro vigorizar\u00e1 sus sentidos y le alegrar\u00e1 el d\u00eda.<\/p>","protected":false},"featured_media":11342,"comment_status":"open","ping_status":"closed","template":"","meta":{"nf_dc_page":"","inline_featured_image":false},"product_cat":[90],"product_tag":[],"class_list":{"0":"post-11341","1":"product","2":"type-product","3":"status-publish","4":"has-post-thumbnail","6":"product_cat-drinks","8":"first","9":"instock","10":"taxable","11":"shipping-taxable","12":"purchasable","13":"product-type-simple"},"_links":{"self":[{"href":"https:\/\/thesweetseria.com\/es\/wp-json\/wp\/v2\/product\/11341","targetHints":{"allow":["GET"]}}],"collection":[{"href":"https:\/\/thesweetseria.com\/es\/wp-json\/wp\/v2\/product"}],"about":[{"href":"https:\/\/thesweetseria.com\/es\/wp-json\/wp\/v2\/types\/product"}],"replies":[{"embeddable":true,"href":"https:\/\/thesweetseria.com\/es\/wp-json\/wp\/v2\/comments?post=11341"}],"wp:featuredmedia":[{"embeddable":true,"href":"https:\/\/thesweetseria.com\/es\/wp-json\/wp\/v2\/media\/11342"}],"wp:attachment":[{"href":"https:\/\/thesweetseria.com\/es\/wp-json\/wp\/v2\/media?parent=11341"}],"wp:term":[{"taxonomy":"product_cat","embeddable":true,"href":"https:\/\/thesweetseria.com\/es\/wp-json\/wp\/v2\/product_cat?post=11341"},{"taxonomy":"product_tag","embeddable":true,"href":"https:\/\/thesweetseria.com\/es\/wp-json\/wp\/v2\/product_tag?post=11341"}],"curies":[{"name":"wp","href":"https:\/\/api.w.org\/{rel}","templated":true}]}}