{"id":11328,"date":"2024-09-06T12:15:15","date_gmt":"2024-09-06T12:15:15","guid":{"rendered":"https:\/\/thesweetseria.com\/?post_type=product&#038;p=11328"},"modified":"2025-06-16T17:51:43","modified_gmt":"2025-06-16T17:51:43","slug":"prime-wwe-500ml","status":"publish","type":"product","link":"https:\/\/thesweetseria.com\/es\/producto\/prime-wwe-500ml\/","title":{"rendered":"Prime WWE 500ml"},"content":{"rendered":"","protected":false},"excerpt":{"rendered":"<p>Prime Hydration WWE Edici\u00f3n Limitada - 500ml, tiene cero az\u00facares a\u00f1adidos y es baja en calor\u00edas, ya que la botella llena s\u00f3lo tiene 20 calor\u00edas. Tiene 10% de agua de coco en la bebida. Esta refrescante bebida deportiva combina el sabor de la limonada de fresa con electrolitos esenciales y vitaminas, perfecto para alimentar su estilo de vida activo.<\/p>","protected":false},"featured_media":11329,"comment_status":"open","ping_status":"closed","template":"","meta":{"nf_dc_page":"","inline_featured_image":false},"product_cat":[90],"product_tag":[],"class_list":{"0":"post-11328","1":"product","2":"type-product","3":"status-publish","4":"has-post-thumbnail","6":"product_cat-drinks","8":"first","9":"outofstock","10":"taxable","11":"shipping-taxable","12":"purchasable","13":"product-type-simple"},"_links":{"self":[{"href":"https:\/\/thesweetseria.com\/es\/wp-json\/wp\/v2\/product\/11328","targetHints":{"allow":["GET"]}}],"collection":[{"href":"https:\/\/thesweetseria.com\/es\/wp-json\/wp\/v2\/product"}],"about":[{"href":"https:\/\/thesweetseria.com\/es\/wp-json\/wp\/v2\/types\/product"}],"replies":[{"embeddable":true,"href":"https:\/\/thesweetseria.com\/es\/wp-json\/wp\/v2\/comments?post=11328"}],"wp:featuredmedia":[{"embeddable":true,"href":"https:\/\/thesweetseria.com\/es\/wp-json\/wp\/v2\/media\/11329"}],"wp:attachment":[{"href":"https:\/\/thesweetseria.com\/es\/wp-json\/wp\/v2\/media?parent=11328"}],"wp:term":[{"taxonomy":"product_cat","embeddable":true,"href":"https:\/\/thesweetseria.com\/es\/wp-json\/wp\/v2\/product_cat?post=11328"},{"taxonomy":"product_tag","embeddable":true,"href":"https:\/\/thesweetseria.com\/es\/wp-json\/wp\/v2\/product_tag?post=11328"}],"curies":[{"name":"wp","href":"https:\/\/api.w.org\/{rel}","templated":true}]}}