{"id":11326,"date":"2024-09-06T12:14:12","date_gmt":"2024-09-06T12:14:12","guid":{"rendered":"https:\/\/thesweetseria.com\/?post_type=product&#038;p=11326"},"modified":"2025-09-20T11:10:59","modified_gmt":"2025-09-20T11:10:59","slug":"prime-aaron-judge-500ml","status":"publish","type":"product","link":"https:\/\/thesweetseria.com\/es\/producto\/prime-aaron-judge-500ml\/","title":{"rendered":"Prime Aaron Judge 500ml"},"content":{"rendered":"","protected":false},"excerpt":{"rendered":"<p>Prime Hydration Aaron Judge Botella Blanca - 500ml, tiene cero az\u00facar a\u00f1adido y es baja en calor\u00edas con la botella llena teniendo s\u00f3lo 20 calor\u00edas. Tiene 10% de agua de coco en la bebida. Tiene antioxidantes y vitamina B. Su sabor audaz quita la sed, y ayuda a recargar energ\u00eda. Esta refrescante bebida deportiva combina el atrevido sabor de la cereza con electrolitos y vitaminas esenciales, perfecta para alimentar su activo estilo de vida.<\/p>","protected":false},"featured_media":11352,"comment_status":"open","ping_status":"closed","template":"","meta":{"nf_dc_page":"","inline_featured_image":false},"product_cat":[90],"product_tag":[],"class_list":{"0":"post-11326","1":"product","2":"type-product","3":"status-publish","4":"has-post-thumbnail","6":"product_cat-drinks","8":"first","9":"onbackorder","10":"sale","11":"taxable","12":"shipping-taxable","13":"purchasable","14":"product-type-simple"},"_links":{"self":[{"href":"https:\/\/thesweetseria.com\/es\/wp-json\/wp\/v2\/product\/11326","targetHints":{"allow":["GET"]}}],"collection":[{"href":"https:\/\/thesweetseria.com\/es\/wp-json\/wp\/v2\/product"}],"about":[{"href":"https:\/\/thesweetseria.com\/es\/wp-json\/wp\/v2\/types\/product"}],"replies":[{"embeddable":true,"href":"https:\/\/thesweetseria.com\/es\/wp-json\/wp\/v2\/comments?post=11326"}],"wp:featuredmedia":[{"embeddable":true,"href":"https:\/\/thesweetseria.com\/es\/wp-json\/wp\/v2\/media\/11352"}],"wp:attachment":[{"href":"https:\/\/thesweetseria.com\/es\/wp-json\/wp\/v2\/media?parent=11326"}],"wp:term":[{"taxonomy":"product_cat","embeddable":true,"href":"https:\/\/thesweetseria.com\/es\/wp-json\/wp\/v2\/product_cat?post=11326"},{"taxonomy":"product_tag","embeddable":true,"href":"https:\/\/thesweetseria.com\/es\/wp-json\/wp\/v2\/product_tag?post=11326"}],"curies":[{"name":"wp","href":"https:\/\/api.w.org\/{rel}","templated":true}]}}