{"id":11295,"date":"2024-08-07T19:27:29","date_gmt":"2024-08-07T19:27:29","guid":{"rendered":"https:\/\/thesweetseria.com\/?post_type=product&#038;p=11295"},"modified":"2026-01-15T12:02:58","modified_gmt":"2026-01-15T12:02:58","slug":"prime-barcelona-500ml","status":"publish","type":"product","link":"https:\/\/thesweetseria.com\/es\/producto\/prime-barcelona-500ml\/","title":{"rendered":"Prime Bar\u00e7a FCB Barcelona 500ml"},"content":{"rendered":"","protected":false},"excerpt":{"rendered":"<p>Presentamos la bebida Prime Hydration FC BARCELONA Edici\u00f3n Limitada, una bebida refrescante e hidratante perfecta para aquellos que siempre est\u00e1n en movimiento. Esta botella de edici\u00f3n limitada es imprescindible para cualquier aficionado del FC Barcelona que quiera mantenerse hidratado mientras muestra su apoyo a su equipo favorito.<\/p>\n<p>La bebida Prime Hydration FC BARCELONA Edici\u00f3n Limitada est\u00e1 especialmente formulada para proporcionar una forma r\u00e1pida y f\u00e1cil de hidratar el cuerpo. Con su sabor refrescante, esta bebida de zumo es perfecta para aquellos que siempre est\u00e1n en movimiento y necesitan un r\u00e1pido impulso de energ\u00eda.<\/p>","protected":false},"featured_media":11296,"comment_status":"open","ping_status":"closed","template":"","meta":{"nf_dc_page":"","inline_featured_image":false},"product_cat":[90],"product_tag":[],"class_list":{"0":"post-11295","1":"product","2":"type-product","3":"status-publish","4":"has-post-thumbnail","6":"product_cat-drinks","8":"first","9":"outofstock","10":"sale","11":"taxable","12":"shipping-taxable","13":"purchasable","14":"product-type-simple"},"_links":{"self":[{"href":"https:\/\/thesweetseria.com\/es\/wp-json\/wp\/v2\/product\/11295","targetHints":{"allow":["GET"]}}],"collection":[{"href":"https:\/\/thesweetseria.com\/es\/wp-json\/wp\/v2\/product"}],"about":[{"href":"https:\/\/thesweetseria.com\/es\/wp-json\/wp\/v2\/types\/product"}],"replies":[{"embeddable":true,"href":"https:\/\/thesweetseria.com\/es\/wp-json\/wp\/v2\/comments?post=11295"}],"wp:featuredmedia":[{"embeddable":true,"href":"https:\/\/thesweetseria.com\/es\/wp-json\/wp\/v2\/media\/11296"}],"wp:attachment":[{"href":"https:\/\/thesweetseria.com\/es\/wp-json\/wp\/v2\/media?parent=11295"}],"wp:term":[{"taxonomy":"product_cat","embeddable":true,"href":"https:\/\/thesweetseria.com\/es\/wp-json\/wp\/v2\/product_cat?post=11295"},{"taxonomy":"product_tag","embeddable":true,"href":"https:\/\/thesweetseria.com\/es\/wp-json\/wp\/v2\/product_tag?post=11295"}],"curies":[{"name":"wp","href":"https:\/\/api.w.org\/{rel}","templated":true}]}}