{"id":11283,"date":"2024-08-06T15:28:00","date_gmt":"2024-08-06T15:28:00","guid":{"rendered":"https:\/\/thesweetseria.com\/?post_type=product&#038;p=11283"},"modified":"2025-12-20T11:49:10","modified_gmt":"2025-12-20T11:49:10","slug":"fruit-roll-ups-sour-blue-raspberry-punch-140g","status":"publish","type":"product","link":"https:\/\/thesweetseria.com\/es\/producto\/fruit-roll-ups-sour-blue-raspberry-punch-140g\/","title":{"rendered":"FRUIT ROLL-UPS SOUR BLUE RASPBERRY PUNCH 140g"},"content":{"rendered":"","protected":false},"excerpt":{"rendered":"<p>\u00a1Betty Crocker's Fruit Roll-Ups son el snack con sabor a fruta que hace divertida la hora del dulce! Estas suaves y masticables tiras se pueden desenrollar para revelar una larga cinta de caramelo que se puede rasgar y \u00a1disfrutar! Llenas de sabor a frambuesa azul \u00e1cida y ponche de frutas del bosque, \u00a1ser\u00e1n un gran \u00e9xito entre los ni\u00f1os y tambi\u00e9n una nostalgia para los mayores! \u00a1Hay tatuajes de lengua en cada rollo!<\/p>","protected":false},"featured_media":11539,"comment_status":"open","ping_status":"closed","template":"","meta":{"nf_dc_page":"","inline_featured_image":false},"product_cat":[108],"product_tag":[],"class_list":{"0":"post-11283","1":"product","2":"type-product","3":"status-publish","4":"has-post-thumbnail","6":"product_cat-candies","8":"first","9":"outofstock","10":"sale","11":"taxable","12":"shipping-taxable","13":"purchasable","14":"product-type-simple"},"_links":{"self":[{"href":"https:\/\/thesweetseria.com\/es\/wp-json\/wp\/v2\/product\/11283","targetHints":{"allow":["GET"]}}],"collection":[{"href":"https:\/\/thesweetseria.com\/es\/wp-json\/wp\/v2\/product"}],"about":[{"href":"https:\/\/thesweetseria.com\/es\/wp-json\/wp\/v2\/types\/product"}],"replies":[{"embeddable":true,"href":"https:\/\/thesweetseria.com\/es\/wp-json\/wp\/v2\/comments?post=11283"}],"wp:featuredmedia":[{"embeddable":true,"href":"https:\/\/thesweetseria.com\/es\/wp-json\/wp\/v2\/media\/11539"}],"wp:attachment":[{"href":"https:\/\/thesweetseria.com\/es\/wp-json\/wp\/v2\/media?parent=11283"}],"wp:term":[{"taxonomy":"product_cat","embeddable":true,"href":"https:\/\/thesweetseria.com\/es\/wp-json\/wp\/v2\/product_cat?post=11283"},{"taxonomy":"product_tag","embeddable":true,"href":"https:\/\/thesweetseria.com\/es\/wp-json\/wp\/v2\/product_tag?post=11283"}],"curies":[{"name":"wp","href":"https:\/\/api.w.org\/{rel}","templated":true}]}}