{"id":11213,"date":"2024-06-14T18:42:44","date_gmt":"2024-06-14T18:42:44","guid":{"rendered":"https:\/\/thesweetseria.com\/?post_type=product&#038;p=11213"},"modified":"2025-05-15T10:34:25","modified_gmt":"2025-05-15T10:34:25","slug":"prime-dodgers-500ml","status":"publish","type":"product","link":"https:\/\/thesweetseria.com\/es\/producto\/prime-dodgers-500ml\/","title":{"rendered":"Prime Dodgers 500ml"},"content":{"rendered":"","protected":false},"excerpt":{"rendered":"<p>Esta bebida premium de 500 ml ofrece una mezcla \u00fanica de sabores refrescantes para saciar tu sed, mientras muestras con orgullo tu esp\u00edritu de los Dodgers. El envase de edici\u00f3n limitada a\u00f1ade un acabado coleccionable, convirti\u00e9ndola en la bebida perfecta para los aficionados.<\/p>","protected":false},"featured_media":11582,"comment_status":"open","ping_status":"closed","template":"","meta":{"nf_dc_page":"","inline_featured_image":false},"product_cat":[90],"product_tag":[],"class_list":{"0":"post-11213","1":"product","2":"type-product","3":"status-publish","4":"has-post-thumbnail","6":"product_cat-drinks","8":"first","9":"outofstock","10":"sold-individually","11":"taxable","12":"shipping-taxable","13":"purchasable","14":"product-type-simple"},"_links":{"self":[{"href":"https:\/\/thesweetseria.com\/es\/wp-json\/wp\/v2\/product\/11213","targetHints":{"allow":["GET"]}}],"collection":[{"href":"https:\/\/thesweetseria.com\/es\/wp-json\/wp\/v2\/product"}],"about":[{"href":"https:\/\/thesweetseria.com\/es\/wp-json\/wp\/v2\/types\/product"}],"replies":[{"embeddable":true,"href":"https:\/\/thesweetseria.com\/es\/wp-json\/wp\/v2\/comments?post=11213"}],"wp:featuredmedia":[{"embeddable":true,"href":"https:\/\/thesweetseria.com\/es\/wp-json\/wp\/v2\/media\/11582"}],"wp:attachment":[{"href":"https:\/\/thesweetseria.com\/es\/wp-json\/wp\/v2\/media?parent=11213"}],"wp:term":[{"taxonomy":"product_cat","embeddable":true,"href":"https:\/\/thesweetseria.com\/es\/wp-json\/wp\/v2\/product_cat?post=11213"},{"taxonomy":"product_tag","embeddable":true,"href":"https:\/\/thesweetseria.com\/es\/wp-json\/wp\/v2\/product_tag?post=11213"}],"curies":[{"name":"wp","href":"https:\/\/api.w.org\/{rel}","templated":true}]}}