{"id":11211,"date":"2024-06-14T18:41:40","date_gmt":"2024-06-14T18:41:40","guid":{"rendered":"https:\/\/thesweetseria.com\/?post_type=product&#038;p=11211"},"modified":"2025-11-26T11:50:22","modified_gmt":"2025-11-26T11:50:22","slug":"china-fanta-white-peach-330-ml","status":"publish","type":"product","link":"https:\/\/thesweetseria.com\/es\/producto\/china-fanta-white-peach-330-ml\/","title":{"rendered":"CHINA FANTA WHITE PEACH 330 ML"},"content":{"rendered":"","protected":false},"excerpt":{"rendered":"<p>Esta deliciosa bebida espumosa encarna la jugosa dulzura y el envolvente aroma del melocot\u00f3n blanco. Procedente directamente de China, cada sorbo de Fanta White Peach le transportar\u00e1 a un viaje de frescura y satisfacci\u00f3n.<\/p>","protected":false},"featured_media":11212,"comment_status":"open","ping_status":"closed","template":"","meta":{"nf_dc_page":"","inline_featured_image":false},"product_cat":[90],"product_tag":[],"class_list":{"0":"post-11211","1":"product","2":"type-product","3":"status-publish","4":"has-post-thumbnail","6":"product_cat-drinks","8":"first","9":"instock","10":"taxable","11":"shipping-taxable","12":"purchasable","13":"product-type-simple"},"_links":{"self":[{"href":"https:\/\/thesweetseria.com\/es\/wp-json\/wp\/v2\/product\/11211","targetHints":{"allow":["GET"]}}],"collection":[{"href":"https:\/\/thesweetseria.com\/es\/wp-json\/wp\/v2\/product"}],"about":[{"href":"https:\/\/thesweetseria.com\/es\/wp-json\/wp\/v2\/types\/product"}],"replies":[{"embeddable":true,"href":"https:\/\/thesweetseria.com\/es\/wp-json\/wp\/v2\/comments?post=11211"}],"wp:featuredmedia":[{"embeddable":true,"href":"https:\/\/thesweetseria.com\/es\/wp-json\/wp\/v2\/media\/11212"}],"wp:attachment":[{"href":"https:\/\/thesweetseria.com\/es\/wp-json\/wp\/v2\/media?parent=11211"}],"wp:term":[{"taxonomy":"product_cat","embeddable":true,"href":"https:\/\/thesweetseria.com\/es\/wp-json\/wp\/v2\/product_cat?post=11211"},{"taxonomy":"product_tag","embeddable":true,"href":"https:\/\/thesweetseria.com\/es\/wp-json\/wp\/v2\/product_tag?post=11211"}],"curies":[{"name":"wp","href":"https:\/\/api.w.org\/{rel}","templated":true}]}}