{"id":11209,"date":"2024-06-14T18:40:09","date_gmt":"2024-06-14T18:40:09","guid":{"rendered":"https:\/\/thesweetseria.com\/?post_type=product&#038;p=11209"},"modified":"2025-11-24T19:06:30","modified_gmt":"2025-11-24T19:06:30","slug":"china-fanta-watermelon-500-ml","status":"publish","type":"product","link":"https:\/\/thesweetseria.com\/es\/producto\/china-fanta-watermelon-500-ml\/","title":{"rendered":"CHINA FANTA WATERMELON 500 ML"},"content":{"rendered":"","protected":false},"excerpt":{"rendered":"<p>Experimenta la esencia del verano con Fanta Sand\u00eda, creada exclusivamente para China. Sum\u00e9rgete en la jugosa dulzura de la sand\u00eda madura combinada a la perfecci\u00f3n con la efervescencia de Fanta. Esta botella de 500 ml, de edici\u00f3n limitada y repleta de refrescantes vibraciones, es tu billete para una delicia que saciar\u00e1 tu sed.<\/p>","protected":false},"featured_media":11210,"comment_status":"open","ping_status":"closed","template":"","meta":{"nf_dc_page":"","inline_featured_image":false},"product_cat":[90],"product_tag":[],"class_list":{"0":"post-11209","1":"product","2":"type-product","3":"status-publish","4":"has-post-thumbnail","6":"product_cat-drinks","8":"first","9":"instock","10":"taxable","11":"shipping-taxable","12":"purchasable","13":"product-type-simple"},"_links":{"self":[{"href":"https:\/\/thesweetseria.com\/es\/wp-json\/wp\/v2\/product\/11209","targetHints":{"allow":["GET"]}}],"collection":[{"href":"https:\/\/thesweetseria.com\/es\/wp-json\/wp\/v2\/product"}],"about":[{"href":"https:\/\/thesweetseria.com\/es\/wp-json\/wp\/v2\/types\/product"}],"replies":[{"embeddable":true,"href":"https:\/\/thesweetseria.com\/es\/wp-json\/wp\/v2\/comments?post=11209"}],"wp:featuredmedia":[{"embeddable":true,"href":"https:\/\/thesweetseria.com\/es\/wp-json\/wp\/v2\/media\/11210"}],"wp:attachment":[{"href":"https:\/\/thesweetseria.com\/es\/wp-json\/wp\/v2\/media?parent=11209"}],"wp:term":[{"taxonomy":"product_cat","embeddable":true,"href":"https:\/\/thesweetseria.com\/es\/wp-json\/wp\/v2\/product_cat?post=11209"},{"taxonomy":"product_tag","embeddable":true,"href":"https:\/\/thesweetseria.com\/es\/wp-json\/wp\/v2\/product_tag?post=11209"}],"curies":[{"name":"wp","href":"https:\/\/api.w.org\/{rel}","templated":true}]}}