{"id":11164,"date":"2024-05-06T18:09:23","date_gmt":"2024-05-06T18:09:23","guid":{"rendered":"https:\/\/thesweetseria.com\/?post_type=product&#038;p=11164"},"modified":"2026-04-09T09:31:37","modified_gmt":"2026-04-09T09:31:37","slug":"skittles-freezer-pops-283g","status":"publish","type":"product","link":"https:\/\/thesweetseria.com\/es\/producto\/skittles-freezer-pops-283g\/","title":{"rendered":"Skittles Freezer Pops 283g"},"content":{"rendered":"","protected":false},"excerpt":{"rendered":"<p>Los nuevos Skittles Pops no son mordiscos normales. Son m\u00e1s bien polos. Cada polo se presenta en un tubo de pl\u00e1stico transparente, igual que los polos congelados que com\u00edas de ni\u00f1o. Tiene 4 sabores diferentes inspirados en los Skittles: uva, manzana verde, fresa y naranja.<\/p>","protected":false},"featured_media":11165,"comment_status":"open","ping_status":"closed","template":"","meta":{"nf_dc_page":"","inline_featured_image":false},"product_cat":[108],"product_tag":[],"class_list":{"0":"post-11164","1":"product","2":"type-product","3":"status-publish","4":"has-post-thumbnail","6":"product_cat-candies","8":"first","9":"outofstock","10":"taxable","11":"shipping-taxable","12":"purchasable","13":"product-type-simple"},"_links":{"self":[{"href":"https:\/\/thesweetseria.com\/es\/wp-json\/wp\/v2\/product\/11164","targetHints":{"allow":["GET"]}}],"collection":[{"href":"https:\/\/thesweetseria.com\/es\/wp-json\/wp\/v2\/product"}],"about":[{"href":"https:\/\/thesweetseria.com\/es\/wp-json\/wp\/v2\/types\/product"}],"replies":[{"embeddable":true,"href":"https:\/\/thesweetseria.com\/es\/wp-json\/wp\/v2\/comments?post=11164"}],"wp:featuredmedia":[{"embeddable":true,"href":"https:\/\/thesweetseria.com\/es\/wp-json\/wp\/v2\/media\/11165"}],"wp:attachment":[{"href":"https:\/\/thesweetseria.com\/es\/wp-json\/wp\/v2\/media?parent=11164"}],"wp:term":[{"taxonomy":"product_cat","embeddable":true,"href":"https:\/\/thesweetseria.com\/es\/wp-json\/wp\/v2\/product_cat?post=11164"},{"taxonomy":"product_tag","embeddable":true,"href":"https:\/\/thesweetseria.com\/es\/wp-json\/wp\/v2\/product_tag?post=11164"}],"curies":[{"name":"wp","href":"https:\/\/api.w.org\/{rel}","templated":true}]}}