{"id":11160,"date":"2024-05-06T18:05:00","date_gmt":"2024-05-06T18:05:00","guid":{"rendered":"https:\/\/thesweetseria.com\/?post_type=product&#038;p=11160"},"modified":"2024-10-27T18:55:49","modified_gmt":"2024-10-27T18:55:49","slug":"prime-ufc-300-500ml","status":"publish","type":"product","link":"https:\/\/thesweetseria.com\/es\/producto\/prime-ufc-300-500ml\/","title":{"rendered":"Prime UFC 300 500ml"},"content":{"rendered":"","protected":false},"excerpt":{"rendered":"<p>Prime Hydration x UFC 300 Sabor Limonada es la soluci\u00f3n de hidrataci\u00f3n definitiva para atletas y entusiastas del fitness, ya que ofrece una refrescante explosi\u00f3n de sabor a limonada a la vez que repone los electrolitos esenciales. \u00a1Esta botella es uno de los imprescindibles para los coleccionistas!<\/p>","protected":false},"featured_media":11161,"comment_status":"open","ping_status":"closed","template":"","meta":{"nf_dc_page":"","inline_featured_image":false},"product_cat":[90],"product_tag":[],"class_list":{"0":"post-11160","1":"product","2":"type-product","3":"status-publish","4":"has-post-thumbnail","6":"product_cat-drinks","8":"first","9":"outofstock","10":"taxable","11":"shipping-taxable","12":"purchasable","13":"product-type-simple"},"_links":{"self":[{"href":"https:\/\/thesweetseria.com\/es\/wp-json\/wp\/v2\/product\/11160","targetHints":{"allow":["GET"]}}],"collection":[{"href":"https:\/\/thesweetseria.com\/es\/wp-json\/wp\/v2\/product"}],"about":[{"href":"https:\/\/thesweetseria.com\/es\/wp-json\/wp\/v2\/types\/product"}],"replies":[{"embeddable":true,"href":"https:\/\/thesweetseria.com\/es\/wp-json\/wp\/v2\/comments?post=11160"}],"wp:featuredmedia":[{"embeddable":true,"href":"https:\/\/thesweetseria.com\/es\/wp-json\/wp\/v2\/media\/11161"}],"wp:attachment":[{"href":"https:\/\/thesweetseria.com\/es\/wp-json\/wp\/v2\/media?parent=11160"}],"wp:term":[{"taxonomy":"product_cat","embeddable":true,"href":"https:\/\/thesweetseria.com\/es\/wp-json\/wp\/v2\/product_cat?post=11160"},{"taxonomy":"product_tag","embeddable":true,"href":"https:\/\/thesweetseria.com\/es\/wp-json\/wp\/v2\/product_tag?post=11160"}],"curies":[{"name":"wp","href":"https:\/\/api.w.org\/{rel}","templated":true}]}}