{"id":11136,"date":"2024-04-29T13:57:51","date_gmt":"2024-04-29T13:57:51","guid":{"rendered":"https:\/\/thesweetseria.com\/?post_type=product&#038;p=11136"},"modified":"2025-07-22T15:38:52","modified_gmt":"2025-07-22T15:38:52","slug":"prime-auston-matthews-500ml","status":"publish","type":"product","link":"https:\/\/thesweetseria.com\/es\/producto\/prime-auston-matthews-500ml\/","title":{"rendered":"Prime Auston Matthews 500ml"},"content":{"rendered":"","protected":false},"excerpt":{"rendered":"<p>Descubre la bebida especial de Prime Hydration elaborada con la estrella del hockey Auston Matthews, Importada de Canad\u00e1. Es una sabrosa bebida de frambuesa azul que te ayuda a mantenerte hidratado y lleno de energ\u00eda sin az\u00facares a\u00f1adidos.<\/p>","protected":false},"featured_media":11990,"comment_status":"open","ping_status":"closed","template":"","meta":{"nf_dc_page":"","inline_featured_image":false},"product_cat":[90],"product_tag":[],"class_list":{"0":"post-11136","1":"product","2":"type-product","3":"status-publish","4":"has-post-thumbnail","6":"product_cat-drinks","8":"first","9":"outofstock","10":"taxable","11":"shipping-taxable","12":"purchasable","13":"product-type-simple"},"_links":{"self":[{"href":"https:\/\/thesweetseria.com\/es\/wp-json\/wp\/v2\/product\/11136","targetHints":{"allow":["GET"]}}],"collection":[{"href":"https:\/\/thesweetseria.com\/es\/wp-json\/wp\/v2\/product"}],"about":[{"href":"https:\/\/thesweetseria.com\/es\/wp-json\/wp\/v2\/types\/product"}],"replies":[{"embeddable":true,"href":"https:\/\/thesweetseria.com\/es\/wp-json\/wp\/v2\/comments?post=11136"}],"wp:featuredmedia":[{"embeddable":true,"href":"https:\/\/thesweetseria.com\/es\/wp-json\/wp\/v2\/media\/11990"}],"wp:attachment":[{"href":"https:\/\/thesweetseria.com\/es\/wp-json\/wp\/v2\/media?parent=11136"}],"wp:term":[{"taxonomy":"product_cat","embeddable":true,"href":"https:\/\/thesweetseria.com\/es\/wp-json\/wp\/v2\/product_cat?post=11136"},{"taxonomy":"product_tag","embeddable":true,"href":"https:\/\/thesweetseria.com\/es\/wp-json\/wp\/v2\/product_tag?post=11136"}],"curies":[{"name":"wp","href":"https:\/\/api.w.org\/{rel}","templated":true}]}}