{"id":11134,"date":"2024-04-29T13:56:54","date_gmt":"2024-04-29T13:56:54","guid":{"rendered":"https:\/\/thesweetseria.com\/?post_type=product&#038;p=11134"},"modified":"2026-02-06T11:09:29","modified_gmt":"2026-02-06T11:09:29","slug":"prime-arsenal-500ml","status":"publish","type":"product","link":"https:\/\/thesweetseria.com\/es\/producto\/prime-arsenal-500ml\/","title":{"rendered":"Prime Arsenal 500ml"},"content":{"rendered":"","protected":false},"excerpt":{"rendered":"<p>La botella Prime Hydration Arsenal Football Club - 500ml, tiene cero az\u00facares a\u00f1adidos y es baja en calor\u00edas, la botella llena tiene s\u00f3lo 20 calor\u00edas. Contiene un 10% de agua de coco. Tiene antioxidantes y vitamina B. Su sabor audaz quita la sed y ayuda a recargar energ\u00eda.<\/p>","protected":false},"featured_media":11135,"comment_status":"open","ping_status":"closed","template":"","meta":{"nf_dc_page":"","inline_featured_image":false},"product_cat":[90],"product_tag":[],"class_list":{"0":"post-11134","1":"product","2":"type-product","3":"status-publish","4":"has-post-thumbnail","6":"product_cat-drinks","8":"first","9":"instock","10":"sale","11":"taxable","12":"shipping-taxable","13":"purchasable","14":"product-type-simple"},"_links":{"self":[{"href":"https:\/\/thesweetseria.com\/es\/wp-json\/wp\/v2\/product\/11134","targetHints":{"allow":["GET"]}}],"collection":[{"href":"https:\/\/thesweetseria.com\/es\/wp-json\/wp\/v2\/product"}],"about":[{"href":"https:\/\/thesweetseria.com\/es\/wp-json\/wp\/v2\/types\/product"}],"replies":[{"embeddable":true,"href":"https:\/\/thesweetseria.com\/es\/wp-json\/wp\/v2\/comments?post=11134"}],"wp:featuredmedia":[{"embeddable":true,"href":"https:\/\/thesweetseria.com\/es\/wp-json\/wp\/v2\/media\/11135"}],"wp:attachment":[{"href":"https:\/\/thesweetseria.com\/es\/wp-json\/wp\/v2\/media?parent=11134"}],"wp:term":[{"taxonomy":"product_cat","embeddable":true,"href":"https:\/\/thesweetseria.com\/es\/wp-json\/wp\/v2\/product_cat?post=11134"},{"taxonomy":"product_tag","embeddable":true,"href":"https:\/\/thesweetseria.com\/es\/wp-json\/wp\/v2\/product_tag?post=11134"}],"curies":[{"name":"wp","href":"https:\/\/api.w.org\/{rel}","templated":true}]}}