{"id":11116,"date":"2024-04-17T08:19:24","date_gmt":"2024-04-17T08:19:24","guid":{"rendered":"https:\/\/thesweetseria.com\/?post_type=product&#038;p=11116"},"modified":"2024-12-31T12:25:54","modified_gmt":"2024-12-31T12:25:54","slug":"mountain-dew-code-red-355ml","status":"publish","type":"product","link":"https:\/\/thesweetseria.com\/es\/producto\/mountain-dew-code-red-355ml\/","title":{"rendered":"Mountain Dew Code Red 355ml"},"content":{"rendered":"","protected":false},"excerpt":{"rendered":"<p>Mountain Dew Code Red es una explosi\u00f3n electrizante de sabor que lleva la experiencia cl\u00e1sica de Mountain Dew a nuevas cotas. Envasado en una pr\u00e1ctica lata de 355 ml, este refresco ic\u00f3nico combina el toque c\u00edtrico de Mountain Dew con una explosi\u00f3n de sabor a cereza, creando una sensaci\u00f3n de sabor audaz y vigorizante.<\/p>","protected":false},"featured_media":11117,"comment_status":"open","ping_status":"closed","template":"","meta":{"nf_dc_page":"","inline_featured_image":false},"product_cat":[90],"product_tag":[],"class_list":{"0":"post-11116","1":"product","2":"type-product","3":"status-publish","4":"has-post-thumbnail","6":"product_cat-drinks","8":"first","9":"outofstock","10":"taxable","11":"shipping-taxable","12":"purchasable","13":"product-type-simple"},"_links":{"self":[{"href":"https:\/\/thesweetseria.com\/es\/wp-json\/wp\/v2\/product\/11116","targetHints":{"allow":["GET"]}}],"collection":[{"href":"https:\/\/thesweetseria.com\/es\/wp-json\/wp\/v2\/product"}],"about":[{"href":"https:\/\/thesweetseria.com\/es\/wp-json\/wp\/v2\/types\/product"}],"replies":[{"embeddable":true,"href":"https:\/\/thesweetseria.com\/es\/wp-json\/wp\/v2\/comments?post=11116"}],"wp:featuredmedia":[{"embeddable":true,"href":"https:\/\/thesweetseria.com\/es\/wp-json\/wp\/v2\/media\/11117"}],"wp:attachment":[{"href":"https:\/\/thesweetseria.com\/es\/wp-json\/wp\/v2\/media?parent=11116"}],"wp:term":[{"taxonomy":"product_cat","embeddable":true,"href":"https:\/\/thesweetseria.com\/es\/wp-json\/wp\/v2\/product_cat?post=11116"},{"taxonomy":"product_tag","embeddable":true,"href":"https:\/\/thesweetseria.com\/es\/wp-json\/wp\/v2\/product_tag?post=11116"}],"curies":[{"name":"wp","href":"https:\/\/api.w.org\/{rel}","templated":true}]}}