{"id":11041,"date":"2024-03-20T19:43:40","date_gmt":"2024-03-20T19:43:40","guid":{"rendered":"https:\/\/thesweetseria.com\/?post_type=product&#038;p=11041"},"modified":"2025-02-24T00:31:41","modified_gmt":"2025-02-24T00:31:41","slug":"trix-marshmallows-274g","status":"publish","type":"product","link":"https:\/\/thesweetseria.com\/es\/producto\/trix-marshmallows-274g\/","title":{"rendered":"TRIX MARSHMALLOWS 274g"},"content":{"rendered":"","protected":false},"excerpt":{"rendered":"<p>El Conejo Trix y los Trolls har\u00e1n todo lo posible por hacerse con un cuenco lleno de estos coloridos cereales de ma\u00edz inflado con deliciosos malvaviscos. Adel\u00e1ntate a ellos y empieza el d\u00eda con un sabor delicioso.<\/p>","protected":false},"featured_media":11548,"comment_status":"open","ping_status":"closed","template":"","meta":{"nf_dc_page":"","inline_featured_image":false},"product_cat":[111],"product_tag":[],"class_list":{"0":"post-11041","1":"product","2":"type-product","3":"status-publish","4":"has-post-thumbnail","6":"product_cat-cereal","8":"first","9":"outofstock","10":"sale","11":"taxable","12":"shipping-taxable","13":"purchasable","14":"product-type-simple"},"_links":{"self":[{"href":"https:\/\/thesweetseria.com\/es\/wp-json\/wp\/v2\/product\/11041","targetHints":{"allow":["GET"]}}],"collection":[{"href":"https:\/\/thesweetseria.com\/es\/wp-json\/wp\/v2\/product"}],"about":[{"href":"https:\/\/thesweetseria.com\/es\/wp-json\/wp\/v2\/types\/product"}],"replies":[{"embeddable":true,"href":"https:\/\/thesweetseria.com\/es\/wp-json\/wp\/v2\/comments?post=11041"}],"wp:featuredmedia":[{"embeddable":true,"href":"https:\/\/thesweetseria.com\/es\/wp-json\/wp\/v2\/media\/11548"}],"wp:attachment":[{"href":"https:\/\/thesweetseria.com\/es\/wp-json\/wp\/v2\/media?parent=11041"}],"wp:term":[{"taxonomy":"product_cat","embeddable":true,"href":"https:\/\/thesweetseria.com\/es\/wp-json\/wp\/v2\/product_cat?post=11041"},{"taxonomy":"product_tag","embeddable":true,"href":"https:\/\/thesweetseria.com\/es\/wp-json\/wp\/v2\/product_tag?post=11041"}],"curies":[{"name":"wp","href":"https:\/\/api.w.org\/{rel}","templated":true}]}}