{"id":11034,"date":"2024-03-20T19:36:15","date_gmt":"2024-03-20T19:36:15","guid":{"rendered":"https:\/\/thesweetseria.com\/?post_type=product&#038;p=11034"},"modified":"2025-08-20T11:07:31","modified_gmt":"2025-08-20T11:07:31","slug":"starburst-singles-duos-strawberry-watermelon-3g","status":"publish","type":"product","link":"https:\/\/thesweetseria.com\/es\/producto\/starburst-singles-duos-strawberry-watermelon-3g\/","title":{"rendered":"STARBURST SINGLES DUOS STRAWBERRY WATERMELON 3g"},"content":{"rendered":"","protected":false},"excerpt":{"rendered":"<p>Presentamos Starburst Duos Singles to Go Drink Mix Sand\u00eda Fresa, la forma perfecta de convertir tu agua en una bebida deliciosa y refrescante. Estas mezclas de bebidas en porciones individuales son f\u00e1ciles de llevar dondequiera que vayas, simplemente gu\u00e1rdalas en tu bolso o bolsillo y \u00a1listo! Disfrute de esta combinaci\u00f3n \u00fanica de sabores sin az\u00facar ni carbohidratos. Adem\u00e1s, no contienen cafe\u00edna, no contienen gluten y tienen certificaci\u00f3n Kosher. Tanto si buscas un estimulante para el trabajo como si s\u00f3lo quieres algo para calmar la sed durante el d\u00eda, Starburst Duos Singles to Go Drink Mix es la elecci\u00f3n perfecta.<\/p>","protected":false},"featured_media":11036,"comment_status":"open","ping_status":"closed","template":"","meta":{"nf_dc_page":"","inline_featured_image":false},"product_cat":[108],"product_tag":[],"class_list":{"0":"post-11034","1":"product","2":"type-product","3":"status-publish","4":"has-post-thumbnail","6":"product_cat-candies","8":"first","9":"outofstock","10":"taxable","11":"shipping-taxable","12":"purchasable","13":"product-type-simple"},"_links":{"self":[{"href":"https:\/\/thesweetseria.com\/es\/wp-json\/wp\/v2\/product\/11034","targetHints":{"allow":["GET"]}}],"collection":[{"href":"https:\/\/thesweetseria.com\/es\/wp-json\/wp\/v2\/product"}],"about":[{"href":"https:\/\/thesweetseria.com\/es\/wp-json\/wp\/v2\/types\/product"}],"replies":[{"embeddable":true,"href":"https:\/\/thesweetseria.com\/es\/wp-json\/wp\/v2\/comments?post=11034"}],"wp:featuredmedia":[{"embeddable":true,"href":"https:\/\/thesweetseria.com\/es\/wp-json\/wp\/v2\/media\/11036"}],"wp:attachment":[{"href":"https:\/\/thesweetseria.com\/es\/wp-json\/wp\/v2\/media?parent=11034"}],"wp:term":[{"taxonomy":"product_cat","embeddable":true,"href":"https:\/\/thesweetseria.com\/es\/wp-json\/wp\/v2\/product_cat?post=11034"},{"taxonomy":"product_tag","embeddable":true,"href":"https:\/\/thesweetseria.com\/es\/wp-json\/wp\/v2\/product_tag?post=11034"}],"curies":[{"name":"wp","href":"https:\/\/api.w.org\/{rel}","templated":true}]}}