{"id":11017,"date":"2024-03-20T16:50:24","date_gmt":"2024-03-20T16:50:24","guid":{"rendered":"https:\/\/thesweetseria.com\/?post_type=product&#038;p=11017"},"modified":"2025-03-01T12:17:29","modified_gmt":"2025-03-01T12:17:29","slug":"lucky-charms-berry-swirl-317g","status":"publish","type":"product","link":"https:\/\/thesweetseria.com\/es\/producto\/lucky-charms-berry-swirl-317g\/","title":{"rendered":"LUCKY CHARMS BERRY SWIRL 317g"},"content":{"rendered":"","protected":false},"excerpt":{"rendered":"<p>Haz que las ma\u00f1anas sean m\u00e1s m\u00e1gicas con los cereales Lucky Charms Berry Swirl, que presentan dos formas emocionantes de disfrutar del delicioso sabor a bayas como parte de un desayuno familiar. A la cl\u00e1sica mezcla de corazones de malvavisco, estrellas, herraduras, tr\u00e9boles, lunas azules, unicornios, arco iris y sabrosos globos rojos de Lucky Charms se le han a\u00f1adido excitantes malvaviscos en espiral con sabor a bayas naturales y artificiales y crujientes trocitos de cereales con sabor a bayas. Divi\u00e9rtete descubriendo los remolinos de bayas flotando en la leche de cereales.<\/p>","protected":false},"featured_media":11543,"comment_status":"open","ping_status":"closed","template":"","meta":{"nf_dc_page":"","inline_featured_image":false},"product_cat":[111],"product_tag":[],"class_list":{"0":"post-11017","1":"product","2":"type-product","3":"status-publish","4":"has-post-thumbnail","6":"product_cat-cereal","8":"first","9":"outofstock","10":"sale","11":"taxable","12":"shipping-taxable","13":"purchasable","14":"product-type-simple"},"_links":{"self":[{"href":"https:\/\/thesweetseria.com\/es\/wp-json\/wp\/v2\/product\/11017","targetHints":{"allow":["GET"]}}],"collection":[{"href":"https:\/\/thesweetseria.com\/es\/wp-json\/wp\/v2\/product"}],"about":[{"href":"https:\/\/thesweetseria.com\/es\/wp-json\/wp\/v2\/types\/product"}],"replies":[{"embeddable":true,"href":"https:\/\/thesweetseria.com\/es\/wp-json\/wp\/v2\/comments?post=11017"}],"wp:featuredmedia":[{"embeddable":true,"href":"https:\/\/thesweetseria.com\/es\/wp-json\/wp\/v2\/media\/11543"}],"wp:attachment":[{"href":"https:\/\/thesweetseria.com\/es\/wp-json\/wp\/v2\/media?parent=11017"}],"wp:term":[{"taxonomy":"product_cat","embeddable":true,"href":"https:\/\/thesweetseria.com\/es\/wp-json\/wp\/v2\/product_cat?post=11017"},{"taxonomy":"product_tag","embeddable":true,"href":"https:\/\/thesweetseria.com\/es\/wp-json\/wp\/v2\/product_tag?post=11017"}],"curies":[{"name":"wp","href":"https:\/\/api.w.org\/{rel}","templated":true}]}}