{"id":11015,"date":"2024-03-20T16:48:35","date_gmt":"2024-03-20T16:48:35","guid":{"rendered":"https:\/\/thesweetseria.com\/?post_type=product&#038;p=11015"},"modified":"2025-10-17T17:02:13","modified_gmt":"2025-10-17T17:02:13","slug":"jolly-rancher-lollipops-17g","status":"publish","type":"product","link":"https:\/\/thesweetseria.com\/es\/producto\/jolly-rancher-lollipops-17g\/","title":{"rendered":"JOLLY RANCHER LOLLIPOPS 17g"},"content":{"rendered":"","protected":false},"excerpt":{"rendered":"<p>Date un capricho \u00fanico con las piruletas Jolly Rancher de 4 sabores. Cada pieza est\u00e1 envuelta individualmente y repleta de cuatro sabores incre\u00edbles. Perfectas para una dulce merienda, estas deliciosas piruletas seguro que satisfar\u00e1n tus antojos m\u00e1s salvajes. \u00a1Disfruta del intenso sabor afrutado de las piruletas Jolly Rancher!<\/p>","protected":false},"featured_media":11016,"comment_status":"open","ping_status":"closed","template":"","meta":{"nf_dc_page":"","inline_featured_image":false},"product_cat":[108],"product_tag":[],"class_list":{"0":"post-11015","1":"product","2":"type-product","3":"status-publish","4":"has-post-thumbnail","6":"product_cat-candies","8":"first","9":"instock","10":"taxable","11":"shipping-taxable","12":"purchasable","13":"product-type-simple"},"_links":{"self":[{"href":"https:\/\/thesweetseria.com\/es\/wp-json\/wp\/v2\/product\/11015","targetHints":{"allow":["GET"]}}],"collection":[{"href":"https:\/\/thesweetseria.com\/es\/wp-json\/wp\/v2\/product"}],"about":[{"href":"https:\/\/thesweetseria.com\/es\/wp-json\/wp\/v2\/types\/product"}],"replies":[{"embeddable":true,"href":"https:\/\/thesweetseria.com\/es\/wp-json\/wp\/v2\/comments?post=11015"}],"wp:featuredmedia":[{"embeddable":true,"href":"https:\/\/thesweetseria.com\/es\/wp-json\/wp\/v2\/media\/11016"}],"wp:attachment":[{"href":"https:\/\/thesweetseria.com\/es\/wp-json\/wp\/v2\/media?parent=11015"}],"wp:term":[{"taxonomy":"product_cat","embeddable":true,"href":"https:\/\/thesweetseria.com\/es\/wp-json\/wp\/v2\/product_cat?post=11015"},{"taxonomy":"product_tag","embeddable":true,"href":"https:\/\/thesweetseria.com\/es\/wp-json\/wp\/v2\/product_tag?post=11015"}],"curies":[{"name":"wp","href":"https:\/\/api.w.org\/{rel}","templated":true}]}}