{"id":11007,"date":"2024-03-20T15:59:02","date_gmt":"2024-03-20T15:59:02","guid":{"rendered":"https:\/\/thesweetseria.com\/?post_type=product&#038;p=11007"},"modified":"2026-04-06T22:38:51","modified_gmt":"2026-04-06T22:38:51","slug":"japan-fanta-white-peach-metal-bottle-300ml","status":"publish","type":"product","link":"https:\/\/thesweetseria.com\/es\/producto\/japan-fanta-white-peach-metal-bottle-300ml\/","title":{"rendered":"JAPAN FANTA WHITE PEACH METAL Bottle 300ml"},"content":{"rendered":"","protected":false},"excerpt":{"rendered":"<p>Este tentador sabor est\u00e1 limitado a la regi\u00f3n japonesa de Tohoku, donde s\u00f3lo puede encontrarse en el norte. Esta edici\u00f3n limitada de Fanta de Melocot\u00f3n Blanco, importada de Jap\u00f3n, se presenta en una elegante lata met\u00e1lica de 300 ml, que proporciona una vigorizante oleada de sabor a melocot\u00f3n con un exclusivo tono blanco turbio y un sublime aroma a melocot\u00f3n.<\/p>","protected":false},"featured_media":11008,"comment_status":"open","ping_status":"closed","template":"","meta":{"nf_dc_page":"","inline_featured_image":false},"product_cat":[90],"product_tag":[],"class_list":{"0":"post-11007","1":"product","2":"type-product","3":"status-publish","4":"has-post-thumbnail","6":"product_cat-drinks","8":"first","9":"instock","10":"taxable","11":"shipping-taxable","12":"purchasable","13":"product-type-simple"},"_links":{"self":[{"href":"https:\/\/thesweetseria.com\/es\/wp-json\/wp\/v2\/product\/11007","targetHints":{"allow":["GET"]}}],"collection":[{"href":"https:\/\/thesweetseria.com\/es\/wp-json\/wp\/v2\/product"}],"about":[{"href":"https:\/\/thesweetseria.com\/es\/wp-json\/wp\/v2\/types\/product"}],"replies":[{"embeddable":true,"href":"https:\/\/thesweetseria.com\/es\/wp-json\/wp\/v2\/comments?post=11007"}],"wp:featuredmedia":[{"embeddable":true,"href":"https:\/\/thesweetseria.com\/es\/wp-json\/wp\/v2\/media\/11008"}],"wp:attachment":[{"href":"https:\/\/thesweetseria.com\/es\/wp-json\/wp\/v2\/media?parent=11007"}],"wp:term":[{"taxonomy":"product_cat","embeddable":true,"href":"https:\/\/thesweetseria.com\/es\/wp-json\/wp\/v2\/product_cat?post=11007"},{"taxonomy":"product_tag","embeddable":true,"href":"https:\/\/thesweetseria.com\/es\/wp-json\/wp\/v2\/product_tag?post=11007"}],"curies":[{"name":"wp","href":"https:\/\/api.w.org\/{rel}","templated":true}]}}