{"id":11003,"date":"2024-03-20T15:54:10","date_gmt":"2024-03-20T15:54:10","guid":{"rendered":"https:\/\/thesweetseria.com\/?post_type=product&#038;p=11003"},"modified":"2024-11-07T18:10:05","modified_gmt":"2024-11-07T18:10:05","slug":"cinnamon-toast-crunch-dulce-de-leche-340g","status":"publish","type":"product","link":"https:\/\/thesweetseria.com\/es\/producto\/cinnamon-toast-crunch-dulce-de-leche-340g\/","title":{"rendered":"CINNAMON TOAST CRUNCH DULCE DE LECHE 340g"},"content":{"rendered":"","protected":false},"excerpt":{"rendered":"<p>Saborea el sabor del caramelo con canela con General Mills Dulce de Leche Toast Crunch Breakfast Cereal. El delicioso sabor del caramelo y la canela bailan con los crujientes cuadrados que tanto te gustan. S\u00f3lo tienes que servir un bol y a\u00f1adir leche para experimentar el dulce sabor del dulce de leche en la mesa del desayuno. Y recuerda sorber la deliciosa leche de cereales con sabor a caramelo y canela que queda en el fondo del bol. A los padres les gusta que cada cuadradito crujiente est\u00e9 hecho con arroz y trigo integral. Cada raci\u00f3n aporta vitaminas y minerales como parte de un delicioso desayuno infantil. Este cereal con sabor a caramelo y az\u00facar de canela tambi\u00e9n es un \u00e9xito entre los adultos. Disfruta de los tuyos como m\u00e1s te guste. Esparza los crujientes cuadraditos sobre un helado como cobertura. P\u00edquelos en un cuenco como aperitivos para fiestas. O m\u00e9telos en tu bolsa de almuerzo. Esta caja de cereales tama\u00f1o familiar de 18,8 onzas contiene unas 13 raciones de cereales integrales y de arroz azucarado y es un producto oficial participante en Box Tops para ayudar a apoyar la educaci\u00f3n. Tanto si buscas deliciosos snacks para ni\u00f1os como un cereal con canela para toda la familia, como Cinnamon Toast Crunch, los cereales de General Mills difunden la bondad desde los m\u00e1s peque\u00f1os hasta los mayores.<\/p>","protected":false},"featured_media":11004,"comment_status":"open","ping_status":"closed","template":"","meta":{"nf_dc_page":"","inline_featured_image":false},"product_cat":[111],"product_tag":[],"class_list":{"0":"post-11003","1":"product","2":"type-product","3":"status-publish","4":"has-post-thumbnail","6":"product_cat-cereal","8":"first","9":"outofstock","10":"sale","11":"taxable","12":"shipping-taxable","13":"purchasable","14":"product-type-simple"},"_links":{"self":[{"href":"https:\/\/thesweetseria.com\/es\/wp-json\/wp\/v2\/product\/11003","targetHints":{"allow":["GET"]}}],"collection":[{"href":"https:\/\/thesweetseria.com\/es\/wp-json\/wp\/v2\/product"}],"about":[{"href":"https:\/\/thesweetseria.com\/es\/wp-json\/wp\/v2\/types\/product"}],"replies":[{"embeddable":true,"href":"https:\/\/thesweetseria.com\/es\/wp-json\/wp\/v2\/comments?post=11003"}],"wp:featuredmedia":[{"embeddable":true,"href":"https:\/\/thesweetseria.com\/es\/wp-json\/wp\/v2\/media\/11004"}],"wp:attachment":[{"href":"https:\/\/thesweetseria.com\/es\/wp-json\/wp\/v2\/media?parent=11003"}],"wp:term":[{"taxonomy":"product_cat","embeddable":true,"href":"https:\/\/thesweetseria.com\/es\/wp-json\/wp\/v2\/product_cat?post=11003"},{"taxonomy":"product_tag","embeddable":true,"href":"https:\/\/thesweetseria.com\/es\/wp-json\/wp\/v2\/product_tag?post=11003"}],"curies":[{"name":"wp","href":"https:\/\/api.w.org\/{rel}","templated":true}]}}