{"id":10995,"date":"2024-03-20T15:46:22","date_gmt":"2024-03-20T15:46:22","guid":{"rendered":"https:\/\/thesweetseria.com\/?post_type=product&#038;p=10995"},"modified":"2026-02-03T11:35:00","modified_gmt":"2026-02-03T11:35:00","slug":"van-holtens-pickles-sour-sis-pickle-king-196g","status":"publish","type":"product","link":"https:\/\/thesweetseria.com\/es\/producto\/van-holtens-pickles-sour-sis-pickle-king-196g\/","title":{"rendered":"VAN HOLTENS PICKLES SOUR SIS PICKLE KING 196g"},"content":{"rendered":"","protected":false},"excerpt":{"rendered":"<p>Estos pepinillos grandes, sabrosos y crujientes est\u00e1n repletos de un toque \u00e1cido que har\u00e1 vibrar sus papilas gustativas. Cada pepinillo Sour Sis Pickle viene en una pr\u00e1ctica bolsa que se puede llevar f\u00e1cilmente, por lo que son perfectos para picar en cualquier momento y lugar.<\/p>","protected":false},"featured_media":10996,"comment_status":"open","ping_status":"closed","template":"","meta":{"nf_dc_page":"","inline_featured_image":false},"product_cat":[108],"product_tag":[],"class_list":{"0":"post-10995","1":"product","2":"type-product","3":"status-publish","4":"has-post-thumbnail","6":"product_cat-candies","8":"first","9":"instock","10":"sale","11":"taxable","12":"shipping-taxable","13":"purchasable","14":"product-type-simple"},"_links":{"self":[{"href":"https:\/\/thesweetseria.com\/es\/wp-json\/wp\/v2\/product\/10995","targetHints":{"allow":["GET"]}}],"collection":[{"href":"https:\/\/thesweetseria.com\/es\/wp-json\/wp\/v2\/product"}],"about":[{"href":"https:\/\/thesweetseria.com\/es\/wp-json\/wp\/v2\/types\/product"}],"replies":[{"embeddable":true,"href":"https:\/\/thesweetseria.com\/es\/wp-json\/wp\/v2\/comments?post=10995"}],"wp:featuredmedia":[{"embeddable":true,"href":"https:\/\/thesweetseria.com\/es\/wp-json\/wp\/v2\/media\/10996"}],"wp:attachment":[{"href":"https:\/\/thesweetseria.com\/es\/wp-json\/wp\/v2\/media?parent=10995"}],"wp:term":[{"taxonomy":"product_cat","embeddable":true,"href":"https:\/\/thesweetseria.com\/es\/wp-json\/wp\/v2\/product_cat?post=10995"},{"taxonomy":"product_tag","embeddable":true,"href":"https:\/\/thesweetseria.com\/es\/wp-json\/wp\/v2\/product_tag?post=10995"}],"curies":[{"name":"wp","href":"https:\/\/api.w.org\/{rel}","templated":true}]}}