{"id":10993,"date":"2024-03-20T15:44:05","date_gmt":"2024-03-20T15:44:05","guid":{"rendered":"https:\/\/thesweetseria.com\/?post_type=product&#038;p=10993"},"modified":"2026-03-04T16:58:15","modified_gmt":"2026-03-04T16:58:15","slug":"aw-root-beer-355ml","status":"publish","type":"product","link":"https:\/\/thesweetseria.com\/es\/producto\/aw-root-beer-355ml\/","title":{"rendered":"A&#038;W ROOT BEER 355ml"},"content":{"rendered":"","protected":false},"excerpt":{"rendered":"<p>A&amp;W Root Beer en lata de 355 ml es una bebida refrescante y saciante que proporciona un sabor cremoso y dulce. Elaborada con corteza de ra\u00edz de sasafr\u00e1s, vainilla y otros sabores naturales, A&amp;W Root Beer es un refresco cl\u00e1sico americano perfecto para cualquier ocasi\u00f3n.<\/p>","protected":false},"featured_media":10994,"comment_status":"open","ping_status":"closed","template":"","meta":{"nf_dc_page":"","inline_featured_image":false},"product_cat":[90],"product_tag":[],"class_list":{"0":"post-10993","1":"product","2":"type-product","3":"status-publish","4":"has-post-thumbnail","6":"product_cat-drinks","8":"first","9":"outofstock","10":"taxable","11":"shipping-taxable","12":"purchasable","13":"product-type-simple"},"_links":{"self":[{"href":"https:\/\/thesweetseria.com\/es\/wp-json\/wp\/v2\/product\/10993","targetHints":{"allow":["GET"]}}],"collection":[{"href":"https:\/\/thesweetseria.com\/es\/wp-json\/wp\/v2\/product"}],"about":[{"href":"https:\/\/thesweetseria.com\/es\/wp-json\/wp\/v2\/types\/product"}],"replies":[{"embeddable":true,"href":"https:\/\/thesweetseria.com\/es\/wp-json\/wp\/v2\/comments?post=10993"}],"wp:featuredmedia":[{"embeddable":true,"href":"https:\/\/thesweetseria.com\/es\/wp-json\/wp\/v2\/media\/10994"}],"wp:attachment":[{"href":"https:\/\/thesweetseria.com\/es\/wp-json\/wp\/v2\/media?parent=10993"}],"wp:term":[{"taxonomy":"product_cat","embeddable":true,"href":"https:\/\/thesweetseria.com\/es\/wp-json\/wp\/v2\/product_cat?post=10993"},{"taxonomy":"product_tag","embeddable":true,"href":"https:\/\/thesweetseria.com\/es\/wp-json\/wp\/v2\/product_tag?post=10993"}],"curies":[{"name":"wp","href":"https:\/\/api.w.org\/{rel}","templated":true}]}}