{"id":10985,"date":"2024-03-11T01:16:35","date_gmt":"2024-03-11T01:16:35","guid":{"rendered":"https:\/\/thesweetseria.com\/?post_type=product&#038;p=10985"},"modified":"2025-03-15T11:47:33","modified_gmt":"2025-03-15T11:47:33","slug":"lucky-charms-green-clovers-297g","status":"publish","type":"product","link":"https:\/\/thesweetseria.com\/es\/producto\/lucky-charms-green-clovers-297g\/","title":{"rendered":"LUCKY CHARMS GREEN CLOVERS 297g"},"content":{"rendered":"","protected":false},"excerpt":{"rendered":"<p>Esta edici\u00f3n limitada de cereales para el desayuno tiene tr\u00e9boles verdes que convierten la leche de cereales en m\u00e1gicamente verde. S\u00edrvete un bol, a\u00f1ade leche y observa c\u00f3mo cambia de color ante tus ojos.<\/p>","protected":false},"featured_media":10986,"comment_status":"open","ping_status":"closed","template":"","meta":{"nf_dc_page":"","inline_featured_image":false},"product_cat":[15],"product_tag":[],"class_list":{"0":"post-10985","1":"product","2":"type-product","3":"status-publish","4":"has-post-thumbnail","6":"product_cat-chocolate","8":"first","9":"outofstock","10":"sale","11":"taxable","12":"shipping-taxable","13":"purchasable","14":"product-type-simple"},"_links":{"self":[{"href":"https:\/\/thesweetseria.com\/es\/wp-json\/wp\/v2\/product\/10985","targetHints":{"allow":["GET"]}}],"collection":[{"href":"https:\/\/thesweetseria.com\/es\/wp-json\/wp\/v2\/product"}],"about":[{"href":"https:\/\/thesweetseria.com\/es\/wp-json\/wp\/v2\/types\/product"}],"replies":[{"embeddable":true,"href":"https:\/\/thesweetseria.com\/es\/wp-json\/wp\/v2\/comments?post=10985"}],"wp:featuredmedia":[{"embeddable":true,"href":"https:\/\/thesweetseria.com\/es\/wp-json\/wp\/v2\/media\/10986"}],"wp:attachment":[{"href":"https:\/\/thesweetseria.com\/es\/wp-json\/wp\/v2\/media?parent=10985"}],"wp:term":[{"taxonomy":"product_cat","embeddable":true,"href":"https:\/\/thesweetseria.com\/es\/wp-json\/wp\/v2\/product_cat?post=10985"},{"taxonomy":"product_tag","embeddable":true,"href":"https:\/\/thesweetseria.com\/es\/wp-json\/wp\/v2\/product_tag?post=10985"}],"curies":[{"name":"wp","href":"https:\/\/api.w.org\/{rel}","templated":true}]}}