{"id":10977,"date":"2024-03-04T23:54:03","date_gmt":"2024-03-04T23:54:03","guid":{"rendered":"https:\/\/thesweetseria.com\/?post_type=product&#038;p=10977"},"modified":"2025-01-04T11:56:57","modified_gmt":"2025-01-04T11:56:57","slug":"takis-dragon-sweet-chilli-90g","status":"publish","type":"product","link":"https:\/\/thesweetseria.com\/es\/producto\/takis-dragon-sweet-chilli-90g\/","title":{"rendered":"Takis Dragon Sweet Chilli 90g"},"content":{"rendered":"","protected":false},"excerpt":{"rendered":"<p>Estas crujientes tiras de ma\u00edz est\u00e1n recubiertas de una intensa mezcla de especias y un delicioso sabor a chile dulce, creando una experiencia de sabor \u00fanica. Ideal para los que buscan emociones y sabores atrevidos en cada bocado, Takis Dragon Sweet Chili te invita a sumergirte en un mundo de sabores intensos y excitantes.<\/p>","protected":false},"featured_media":10982,"comment_status":"open","ping_status":"closed","template":"","meta":{"nf_dc_page":"","inline_featured_image":false},"product_cat":[107],"product_tag":[],"class_list":{"0":"post-10977","1":"product","2":"type-product","3":"status-publish","4":"has-post-thumbnail","6":"product_cat-salty-snacks","8":"first","9":"outofstock","10":"taxable","11":"shipping-taxable","12":"purchasable","13":"product-type-simple"},"_links":{"self":[{"href":"https:\/\/thesweetseria.com\/es\/wp-json\/wp\/v2\/product\/10977","targetHints":{"allow":["GET"]}}],"collection":[{"href":"https:\/\/thesweetseria.com\/es\/wp-json\/wp\/v2\/product"}],"about":[{"href":"https:\/\/thesweetseria.com\/es\/wp-json\/wp\/v2\/types\/product"}],"replies":[{"embeddable":true,"href":"https:\/\/thesweetseria.com\/es\/wp-json\/wp\/v2\/comments?post=10977"}],"wp:featuredmedia":[{"embeddable":true,"href":"https:\/\/thesweetseria.com\/es\/wp-json\/wp\/v2\/media\/10982"}],"wp:attachment":[{"href":"https:\/\/thesweetseria.com\/es\/wp-json\/wp\/v2\/media?parent=10977"}],"wp:term":[{"taxonomy":"product_cat","embeddable":true,"href":"https:\/\/thesweetseria.com\/es\/wp-json\/wp\/v2\/product_cat?post=10977"},{"taxonomy":"product_tag","embeddable":true,"href":"https:\/\/thesweetseria.com\/es\/wp-json\/wp\/v2\/product_tag?post=10977"}],"curies":[{"name":"wp","href":"https:\/\/api.w.org\/{rel}","templated":true}]}}