{"id":10968,"date":"2024-03-04T11:51:23","date_gmt":"2024-03-04T11:51:23","guid":{"rendered":"https:\/\/thesweetseria.com\/?post_type=product&#038;p=10968"},"modified":"2024-12-04T18:54:11","modified_gmt":"2024-12-04T18:54:11","slug":"swedish-fish-blue-raspberry-lemonade-102g","status":"publish","type":"product","link":"https:\/\/thesweetseria.com\/es\/producto\/swedish-fish-blue-raspberry-lemonade-102g\/","title":{"rendered":"SWEDISH FISH BLUE RASPBERRY LEMONADE 102g"},"content":{"rendered":"","protected":false},"excerpt":{"rendered":"<p>\u00a1Este caramelo te atrapar\u00e1 con anzuelo, sedal y plomada! El caramelo Swedish Fish Blue Raspberry Lemonade es el pez que estabas buscando.<\/p>\n<p>Abre bien los ojos para que estos dulces peces lleguen nadando hasta tu boca amante de los caramelos. Sum\u00e9rgete en la textura tierna y masticable y el emocionante sabor de la frambuesa azul con la infusi\u00f3n \u00e1cida de la limonada.<\/p>\n<p>El Caramelo Pez Sueco es un caramelo retro cl\u00e1sico y muy apreciado. Entr\u00f3 nadando en el dulce mar de los caramelos a finales de los a\u00f1os 50 y \u00a1es un caramelo popular hasta el d\u00eda de hoy!<\/p>\n<p>\u00a1Come como si fueras un pez gordo con el incre\u00edble Swedish Fish Blue Raspberry Lemonade!<\/p>","protected":false},"featured_media":10969,"comment_status":"open","ping_status":"closed","template":"","meta":{"nf_dc_page":"","inline_featured_image":false},"product_cat":[108],"product_tag":[],"class_list":{"0":"post-10968","1":"product","2":"type-product","3":"status-publish","4":"has-post-thumbnail","6":"product_cat-candies","8":"first","9":"outofstock","10":"sale","11":"taxable","12":"shipping-taxable","13":"purchasable","14":"product-type-simple"},"_links":{"self":[{"href":"https:\/\/thesweetseria.com\/es\/wp-json\/wp\/v2\/product\/10968","targetHints":{"allow":["GET"]}}],"collection":[{"href":"https:\/\/thesweetseria.com\/es\/wp-json\/wp\/v2\/product"}],"about":[{"href":"https:\/\/thesweetseria.com\/es\/wp-json\/wp\/v2\/types\/product"}],"replies":[{"embeddable":true,"href":"https:\/\/thesweetseria.com\/es\/wp-json\/wp\/v2\/comments?post=10968"}],"wp:featuredmedia":[{"embeddable":true,"href":"https:\/\/thesweetseria.com\/es\/wp-json\/wp\/v2\/media\/10969"}],"wp:attachment":[{"href":"https:\/\/thesweetseria.com\/es\/wp-json\/wp\/v2\/media?parent=10968"}],"wp:term":[{"taxonomy":"product_cat","embeddable":true,"href":"https:\/\/thesweetseria.com\/es\/wp-json\/wp\/v2\/product_cat?post=10968"},{"taxonomy":"product_tag","embeddable":true,"href":"https:\/\/thesweetseria.com\/es\/wp-json\/wp\/v2\/product_tag?post=10968"}],"curies":[{"name":"wp","href":"https:\/\/api.w.org\/{rel}","templated":true}]}}