{"id":10930,"date":"2024-03-04T11:05:13","date_gmt":"2024-03-04T11:05:13","guid":{"rendered":"https:\/\/thesweetseria.com\/?post_type=product&#038;p=10930"},"modified":"2026-03-19T12:53:58","modified_gmt":"2026-03-19T12:53:58","slug":"aw-cream-soda-355-ml","status":"publish","type":"product","link":"https:\/\/thesweetseria.com\/es\/producto\/aw-cream-soda-355-ml\/","title":{"rendered":"A&#038;W CREAM SODA 355 ML"},"content":{"rendered":"","protected":false},"excerpt":{"rendered":"<p>A&amp;W Cream Soda es un tradicional favorito americano con un maravilloso y suave sabor a vainilla que gusta a todos. Una bebida perfecta para calmar la sed en los calurosos d\u00edas de verano o en los d\u00edas en que apetece beber algo realmente bueno. Mej\u00f3rela mezcl\u00e1ndola con helado de vainilla o, por qu\u00e9 no, con zumo de frutas.<\/p>","protected":false},"featured_media":10931,"comment_status":"open","ping_status":"closed","template":"","meta":{"nf_dc_page":"","inline_featured_image":false},"product_cat":[90],"product_tag":[],"class_list":{"0":"post-10930","1":"product","2":"type-product","3":"status-publish","4":"has-post-thumbnail","6":"product_cat-drinks","8":"first","9":"instock","10":"taxable","11":"shipping-taxable","12":"purchasable","13":"product-type-simple"},"_links":{"self":[{"href":"https:\/\/thesweetseria.com\/es\/wp-json\/wp\/v2\/product\/10930","targetHints":{"allow":["GET"]}}],"collection":[{"href":"https:\/\/thesweetseria.com\/es\/wp-json\/wp\/v2\/product"}],"about":[{"href":"https:\/\/thesweetseria.com\/es\/wp-json\/wp\/v2\/types\/product"}],"replies":[{"embeddable":true,"href":"https:\/\/thesweetseria.com\/es\/wp-json\/wp\/v2\/comments?post=10930"}],"wp:featuredmedia":[{"embeddable":true,"href":"https:\/\/thesweetseria.com\/es\/wp-json\/wp\/v2\/media\/10931"}],"wp:attachment":[{"href":"https:\/\/thesweetseria.com\/es\/wp-json\/wp\/v2\/media?parent=10930"}],"wp:term":[{"taxonomy":"product_cat","embeddable":true,"href":"https:\/\/thesweetseria.com\/es\/wp-json\/wp\/v2\/product_cat?post=10930"},{"taxonomy":"product_tag","embeddable":true,"href":"https:\/\/thesweetseria.com\/es\/wp-json\/wp\/v2\/product_tag?post=10930"}],"curies":[{"name":"wp","href":"https:\/\/api.w.org\/{rel}","templated":true}]}}