{"id":10892,"date":"2024-02-01T20:20:15","date_gmt":"2024-02-01T20:20:15","guid":{"rendered":"https:\/\/thesweetseria.com\/?post_type=product&#038;p=10892"},"modified":"2024-03-20T17:08:06","modified_gmt":"2024-03-20T17:08:06","slug":"skittles-smoothies-152g","status":"publish","type":"product","link":"https:\/\/thesweetseria.com\/es\/producto\/skittles-smoothies-152g\/","title":{"rendered":"SKITTLES SMOOTHIES 152g"},"content":{"rendered":"","protected":false},"excerpt":{"rendered":"<p>SKITTLES Smoothies - Todo el delicioso sabor de un batido de frutas, pero sin tener que limpiar la batidora. Caramelos masticables de c\u00e1scara crujiente con sabores de pl\u00e1tano, pi\u00f1a, albaricoque, frambuesa y ar\u00e1ndanos.<\/p>","protected":false},"featured_media":10896,"comment_status":"open","ping_status":"closed","template":"","meta":{"nf_dc_page":"","inline_featured_image":false},"product_cat":[108],"product_tag":[],"class_list":{"0":"post-10892","1":"product","2":"type-product","3":"status-publish","4":"has-post-thumbnail","6":"product_cat-candies","8":"first","9":"outofstock","10":"taxable","11":"shipping-taxable","12":"purchasable","13":"product-type-simple"},"_links":{"self":[{"href":"https:\/\/thesweetseria.com\/es\/wp-json\/wp\/v2\/product\/10892","targetHints":{"allow":["GET"]}}],"collection":[{"href":"https:\/\/thesweetseria.com\/es\/wp-json\/wp\/v2\/product"}],"about":[{"href":"https:\/\/thesweetseria.com\/es\/wp-json\/wp\/v2\/types\/product"}],"replies":[{"embeddable":true,"href":"https:\/\/thesweetseria.com\/es\/wp-json\/wp\/v2\/comments?post=10892"}],"wp:featuredmedia":[{"embeddable":true,"href":"https:\/\/thesweetseria.com\/es\/wp-json\/wp\/v2\/media\/10896"}],"wp:attachment":[{"href":"https:\/\/thesweetseria.com\/es\/wp-json\/wp\/v2\/media?parent=10892"}],"wp:term":[{"taxonomy":"product_cat","embeddable":true,"href":"https:\/\/thesweetseria.com\/es\/wp-json\/wp\/v2\/product_cat?post=10892"},{"taxonomy":"product_tag","embeddable":true,"href":"https:\/\/thesweetseria.com\/es\/wp-json\/wp\/v2\/product_tag?post=10892"}],"curies":[{"name":"wp","href":"https:\/\/api.w.org\/{rel}","templated":true}]}}