{"id":10870,"date":"2024-02-01T08:57:41","date_gmt":"2024-02-01T08:57:41","guid":{"rendered":"https:\/\/thesweetseria.com\/?post_type=product&#038;p=10870"},"modified":"2024-11-25T21:29:10","modified_gmt":"2024-11-25T21:29:10","slug":"cinnabon-cinnamon-roll-cereal-247g","status":"publish","type":"product","link":"https:\/\/thesweetseria.com\/es\/producto\/cinnabon-cinnamon-roll-cereal-247g\/","title":{"rendered":"CINNABON CINNAMON ROLL CEREAL 247g"},"content":{"rendered":"","protected":false},"excerpt":{"rendered":"<p>Un cl\u00e1sico rollo de canela con forma de espiral que ofrece una textura crujiente repleta de c\u00e1lidas notas de panader\u00eda con canela, motas de canela aut\u00e9ntica y un delicioso sabor a glaseado dulce, llevando el ic\u00f3nico sabor de Cinnabon a tu bol de desayuno.<\/p>","protected":false},"featured_media":10871,"comment_status":"open","ping_status":"closed","template":"","meta":{"nf_dc_page":"","inline_featured_image":false},"product_cat":[111],"product_tag":[],"class_list":{"0":"post-10870","1":"product","2":"type-product","3":"status-publish","4":"has-post-thumbnail","6":"product_cat-cereal","8":"first","9":"outofstock","10":"taxable","11":"shipping-taxable","12":"purchasable","13":"product-type-simple"},"_links":{"self":[{"href":"https:\/\/thesweetseria.com\/es\/wp-json\/wp\/v2\/product\/10870","targetHints":{"allow":["GET"]}}],"collection":[{"href":"https:\/\/thesweetseria.com\/es\/wp-json\/wp\/v2\/product"}],"about":[{"href":"https:\/\/thesweetseria.com\/es\/wp-json\/wp\/v2\/types\/product"}],"replies":[{"embeddable":true,"href":"https:\/\/thesweetseria.com\/es\/wp-json\/wp\/v2\/comments?post=10870"}],"wp:featuredmedia":[{"embeddable":true,"href":"https:\/\/thesweetseria.com\/es\/wp-json\/wp\/v2\/media\/10871"}],"wp:attachment":[{"href":"https:\/\/thesweetseria.com\/es\/wp-json\/wp\/v2\/media?parent=10870"}],"wp:term":[{"taxonomy":"product_cat","embeddable":true,"href":"https:\/\/thesweetseria.com\/es\/wp-json\/wp\/v2\/product_cat?post=10870"},{"taxonomy":"product_tag","embeddable":true,"href":"https:\/\/thesweetseria.com\/es\/wp-json\/wp\/v2\/product_tag?post=10870"}],"curies":[{"name":"wp","href":"https:\/\/api.w.org\/{rel}","templated":true}]}}