{"id":10483,"date":"2023-12-11T14:07:34","date_gmt":"2023-12-11T14:07:34","guid":{"rendered":"https:\/\/thesweetseria.com\/?post_type=product&#038;p=10483"},"modified":"2024-03-28T18:47:00","modified_gmt":"2024-03-28T18:47:00","slug":"prime-glowberry-500ml","status":"publish","type":"product","link":"https:\/\/thesweetseria.com\/es\/producto\/prime-glowberry-500ml\/","title":{"rendered":"Prime Glowberry 500ml"},"content":{"rendered":"","protected":false},"excerpt":{"rendered":"<p>La Prime Hydration Drink Glowberry, tiene cero az\u00facares a\u00f1adidos y es baja en calor\u00edas, ya que la botella llena s\u00f3lo tiene 20 calor\u00edas. Tiene un 10% de agua de coco en la bebida. Tiene antioxidantes y vitamina B. Su sabor audaz quita la sed, y ayuda a recargar energ\u00eda.<\/p>","protected":false},"featured_media":10484,"comment_status":"open","ping_status":"closed","template":"","meta":{"nf_dc_page":"","inline_featured_image":false},"product_cat":[90],"product_tag":[],"class_list":{"0":"post-10483","1":"product","2":"type-product","3":"status-publish","4":"has-post-thumbnail","6":"product_cat-drinks","8":"first","9":"outofstock","10":"taxable","11":"shipping-taxable","12":"purchasable","13":"product-type-simple"},"_links":{"self":[{"href":"https:\/\/thesweetseria.com\/es\/wp-json\/wp\/v2\/product\/10483","targetHints":{"allow":["GET"]}}],"collection":[{"href":"https:\/\/thesweetseria.com\/es\/wp-json\/wp\/v2\/product"}],"about":[{"href":"https:\/\/thesweetseria.com\/es\/wp-json\/wp\/v2\/types\/product"}],"replies":[{"embeddable":true,"href":"https:\/\/thesweetseria.com\/es\/wp-json\/wp\/v2\/comments?post=10483"}],"wp:featuredmedia":[{"embeddable":true,"href":"https:\/\/thesweetseria.com\/es\/wp-json\/wp\/v2\/media\/10484"}],"wp:attachment":[{"href":"https:\/\/thesweetseria.com\/es\/wp-json\/wp\/v2\/media?parent=10483"}],"wp:term":[{"taxonomy":"product_cat","embeddable":true,"href":"https:\/\/thesweetseria.com\/es\/wp-json\/wp\/v2\/product_cat?post=10483"},{"taxonomy":"product_tag","embeddable":true,"href":"https:\/\/thesweetseria.com\/es\/wp-json\/wp\/v2\/product_tag?post=10483"}],"curies":[{"name":"wp","href":"https:\/\/api.w.org\/{rel}","templated":true}]}}