{"id":10481,"date":"2023-12-11T14:06:00","date_gmt":"2023-12-11T14:06:00","guid":{"rendered":"https:\/\/thesweetseria.com\/?post_type=product&#038;p=10481"},"modified":"2026-03-21T11:36:37","modified_gmt":"2026-03-21T11:36:37","slug":"nerds-fuits-142g","status":"publish","type":"product","link":"https:\/\/thesweetseria.com\/es\/producto\/nerds-fuits-142g\/","title":{"rendered":"Nerds Fruits 142g"},"content":{"rendered":"","protected":false},"excerpt":{"rendered":"<p>Las delicias \u00e1cidas y crujientes de la sand\u00eda, la cereza silvestre y el ponche est\u00e1n todas dentro de una caja tama\u00f1o teatro de caramelos Nerds. Preparados para regalar a tu mejor amigo o simplemente para guardar en tu reserva personal de deliciosos caramelos navide\u00f1os.<\/p>","protected":false},"featured_media":10482,"comment_status":"open","ping_status":"closed","template":"","meta":{"nf_dc_page":"","inline_featured_image":false},"product_cat":[108],"product_tag":[],"class_list":{"0":"post-10481","1":"product","2":"type-product","3":"status-publish","4":"has-post-thumbnail","6":"product_cat-candies","8":"first","9":"instock","10":"taxable","11":"shipping-taxable","12":"purchasable","13":"product-type-simple"},"_links":{"self":[{"href":"https:\/\/thesweetseria.com\/es\/wp-json\/wp\/v2\/product\/10481","targetHints":{"allow":["GET"]}}],"collection":[{"href":"https:\/\/thesweetseria.com\/es\/wp-json\/wp\/v2\/product"}],"about":[{"href":"https:\/\/thesweetseria.com\/es\/wp-json\/wp\/v2\/types\/product"}],"replies":[{"embeddable":true,"href":"https:\/\/thesweetseria.com\/es\/wp-json\/wp\/v2\/comments?post=10481"}],"wp:featuredmedia":[{"embeddable":true,"href":"https:\/\/thesweetseria.com\/es\/wp-json\/wp\/v2\/media\/10482"}],"wp:attachment":[{"href":"https:\/\/thesweetseria.com\/es\/wp-json\/wp\/v2\/media?parent=10481"}],"wp:term":[{"taxonomy":"product_cat","embeddable":true,"href":"https:\/\/thesweetseria.com\/es\/wp-json\/wp\/v2\/product_cat?post=10481"},{"taxonomy":"product_tag","embeddable":true,"href":"https:\/\/thesweetseria.com\/es\/wp-json\/wp\/v2\/product_tag?post=10481"}],"curies":[{"name":"wp","href":"https:\/\/api.w.org\/{rel}","templated":true}]}}