{"id":10475,"date":"2023-12-11T14:01:30","date_gmt":"2023-12-11T14:01:30","guid":{"rendered":"https:\/\/thesweetseria.com\/?post_type=product&#038;p=10475"},"modified":"2024-04-10T17:46:34","modified_gmt":"2024-04-10T17:46:34","slug":"mara-mango-chile-14g","status":"publish","type":"product","link":"https:\/\/thesweetseria.com\/es\/producto\/mara-mango-chile-14g\/","title":{"rendered":"Mara Mango Chile 14g"},"content":{"rendered":"","protected":false},"excerpt":{"rendered":"<p>Recubrimiento \u00e1cido y picante: La piruleta est\u00e1 recubierta de un polvo de chile \u00e1cido y picante, que realza el sabor del mango y proporciona una combinaci\u00f3n deliciosamente adictiva. Pr\u00e1ctico y f\u00e1cil de compartir: Cada piruleta Mara Mango Big Lollipop con Chili viene envuelta individualmente, por lo que son f\u00e1ciles de compartir o disfrutar sobre la marcha.<\/p>","protected":false},"featured_media":10476,"comment_status":"open","ping_status":"closed","template":"","meta":{"nf_dc_page":"","inline_featured_image":false},"product_cat":[108],"product_tag":[],"class_list":{"0":"post-10475","1":"product","2":"type-product","3":"status-publish","4":"has-post-thumbnail","6":"product_cat-candies","8":"first","9":"outofstock","10":"taxable","11":"shipping-taxable","12":"purchasable","13":"product-type-simple"},"_links":{"self":[{"href":"https:\/\/thesweetseria.com\/es\/wp-json\/wp\/v2\/product\/10475","targetHints":{"allow":["GET"]}}],"collection":[{"href":"https:\/\/thesweetseria.com\/es\/wp-json\/wp\/v2\/product"}],"about":[{"href":"https:\/\/thesweetseria.com\/es\/wp-json\/wp\/v2\/types\/product"}],"replies":[{"embeddable":true,"href":"https:\/\/thesweetseria.com\/es\/wp-json\/wp\/v2\/comments?post=10475"}],"wp:featuredmedia":[{"embeddable":true,"href":"https:\/\/thesweetseria.com\/es\/wp-json\/wp\/v2\/media\/10476"}],"wp:attachment":[{"href":"https:\/\/thesweetseria.com\/es\/wp-json\/wp\/v2\/media?parent=10475"}],"wp:term":[{"taxonomy":"product_cat","embeddable":true,"href":"https:\/\/thesweetseria.com\/es\/wp-json\/wp\/v2\/product_cat?post=10475"},{"taxonomy":"product_tag","embeddable":true,"href":"https:\/\/thesweetseria.com\/es\/wp-json\/wp\/v2\/product_tag?post=10475"}],"curies":[{"name":"wp","href":"https:\/\/api.w.org\/{rel}","templated":true}]}}